{"id":5623,"date":"2021-04-07T18:33:50","date_gmt":"2021-04-07T23:33:50","guid":{"rendered":"https:\/\/tienda.estilooficina.com\/?post_type=product&#038;p=5623"},"modified":"2025-11-20T16:21:51","modified_gmt":"2025-11-20T21:21:51","slug":"mesa-directorio-smat-plus","status":"publish","type":"product","link":"https:\/\/tienda.estilooficina.com\/muebles-de-oficina\/producto\/mesa-directorio-smat-plus\/","title":{"rendered":"Mesa de Directorio Smart Plus"},"content":{"rendered":"<p><strong>Mesa de Directorio Smart Plus \u2013 Elegancia y Funcionalidad para tu Oficina<\/strong><\/p>\n<ul>\n<li data-start=\"528\" data-end=\"638\">\n<p data-start=\"530\" data-end=\"638\"><strong data-start=\"530\" data-end=\"562\">Dise\u00f1o Moderno y Profesional<\/strong>: <span class=\"relative -mx-px my-[-0.2rem] rounded px-px py-[0.2rem] transition-colors duration-100 ease-in-out\">Su estructura met\u00e1lica con acabado en pintura electrost\u00e1tica y tablero de melamina de 18 mm con bordes en canto grueso aportan un estilo contempor\u00e1neo y elegante.<\/span><\/p>\n<\/li>\n<li data-start=\"640\" data-end=\"875\">\n<p data-start=\"642\" data-end=\"704\"><strong data-start=\"642\" data-end=\"665\">Variedad de Tama\u00f1os<\/strong>: <span class=\"relative -mx-px my-[-0.2rem] rounded px-px py-[0.2rem] transition-colors duration-100 ease-in-out\">Disponible en tres dimensiones para adaptarse a tus necesidades:<\/span><\/p>\n<\/li>\n<li data-start=\"709\" data-end=\"748\"><span class=\"relative -mx-px my-[-0.2rem] rounded px-px py-[0.2rem] transition-colors duration-100 ease-in-out\">10 personas: 320 cm (Largo) x 140 cm (Ancho) x 75 cm (Alto)<\/span><\/li>\n<li data-start=\"753\" data-end=\"792\"><span class=\"relative -mx-px my-[-0.2rem] rounded px-px py-[0.2rem] transition-colors duration-100 ease-in-out\">8 personas: 240 cm (Largo) x 120 cm (Ancho) x 75 cm (Alto)<\/span><\/li>\n<li data-start=\"797\" data-end=\"875\"><span class=\"relative -mx-px my-[-0.2rem] rounded px-px py-[0.2rem] transition-colors duration-100 ease-in-out\">6 personas: 200 cm (Largo) x 100 cm (Ancho) x 75 cm (Alto)<\/span><\/li>\n<li data-start=\"877\" data-end=\"983\">\n<p data-start=\"879\" data-end=\"983\"><strong data-start=\"879\" data-end=\"903\">Construcci\u00f3n Robusta<\/strong>: <span class=\"relative -mx-px my-[-0.2rem] rounded px-px py-[0.2rem] transition-colors duration-100 ease-in-out\">Base en tubo cuadrado met\u00e1lico de 50 x 50 mm x 1.5 mm, garantizando estabilidad y durabilidad.<\/span><\/p>\n<\/li>\n<li data-start=\"985\" data-end=\"1093\">\n<p data-start=\"987\" data-end=\"1093\"><strong data-start=\"987\" data-end=\"1013\">Niveladores Ajustables<\/strong>: <span class=\"relative -mx-px my-[-0.2rem] rounded px-px py-[0.2rem] transition-colors duration-100 ease-in-out\">Terminales con niveladores graduables de PVC que aseguran una base firme y estable, incluso en suelos irregulares.<\/span><\/p>\n<\/li>\n<li data-start=\"1095\" data-end=\"1213\">\n<p data-start=\"1097\" data-end=\"1213\"><strong data-start=\"1097\" data-end=\"1133\">Entrega R\u00e1pida y Listo para Usar<\/strong>: <span class=\"relative -mx-px my-[-0.2rem] rounded px-px py-[0.2rem] transition-colors duration-100 ease-in-out\">El producto se entrega armado y listo para su uso, con un tiempo de entrega estimado a medida de 7 d\u00edas.<\/span><\/p>\n<\/li>\n<li data-start=\"1215\" data-end=\"1325\">\n<p data-start=\"1217\" data-end=\"1325\"><strong data-start=\"1217\" data-end=\"1245\">Personalizaci\u00f3n a Medida<\/strong>: <span class=\"relative -mx-px my-[-0.2rem] rounded px-px py-[0.2rem] transition-colors duration-100 ease-in-out\">Posibilidad de elegir tama\u00f1os, colores y materiales para adaptarse perfectamente a tu espacio y estilo.<\/span><\/p>\n<\/li>\n<li data-start=\"1327\" data-end=\"1431\">\n<p data-start=\"1329\" data-end=\"1431\"><strong data-start=\"1329\" data-end=\"1351\">Garant\u00eda de 3 A\u00f1os<\/strong>: <span class=\"relative -mx-px my-[-0.2rem] rounded px-px py-[0.2rem] transition-colors duration-100 ease-in-out\">Respaldo de calidad con una garant\u00eda que asegura la durabilidad del producto.<\/span><\/p>\n<\/li>\n<li data-start=\"1477\" data-end=\"1593\">\n<p data-start=\"1479\" data-end=\"1593\"><strong data-start=\"1479\" data-end=\"1513\">Ideal para Espacios Ejecutivos<\/strong>: <span class=\"relative -mx-px my-[-0.2rem] rounded px-px py-[0.2rem] transition-colors duration-100 ease-in-out\">Perfecta para salas de directorio, juntas ejecutivas y oficinas de alto nivel.<\/span><\/p>\n<\/li>\n<li data-start=\"1814\" data-end=\"1921\">\n<p data-start=\"1816\" data-end=\"1921\"><strong data-start=\"1816\" data-end=\"1841\">Compra F\u00e1cil y R\u00e1pida<\/strong>: <span class=\"relative -mx-px my-[-0.2rem] rounded px-px py-[0.2rem] transition-colors duration-100 ease-in-out\">Adquiere tu mesa por tel\u00e9fono o WhatsApp con opciones de entrega a domicilio e instalaci\u00f3n profesional.<\/span><\/p>\n<\/li>\n<\/ul>\n","protected":false},"excerpt":{"rendered":"<p>La <strong data-start=\"281\" data-end=\"314\">Mesa de Directorio Smart Plus<\/strong> es la elecci\u00f3n perfecta para espacios corporativos que buscan combinar dise\u00f1o moderno con practicidad. <span class=\"relative -mx-px my-[-0.2rem] rounded px-px py-[0.2rem] transition-colors duration-100 ease-in-out\">Fabricada en Per\u00fa con materiales de alta calidad, esta mesa ofrece una soluci\u00f3n robusta y estilizada para salas de reuniones y oficinas ejecutivas.<\/span><\/p>\n<p><strong>Caracter\u00edsticas T\u00e9cnicas:<\/strong><\/p>\n<p>\u2705Tablero en melamina de 18mm bordes recubiertos en tapacantos de 3mm adherido a termofusi\u00f3n<\/p>\n<p>\u2705Base pesada met\u00e1lica, fabricado en tubo de 50mm x 50mm x 1.2mm<\/p>\n<p>\u2705Acabado en pintura electrost\u00e1tica secado y sellado al horno a 200\u00b0<\/p>\n<p>\u2705Terminales en contacto con el suelo niveladores<\/p>\n<p>\u274c Accesorios de conectividad se vende por separado<\/p>\n[su_button url=\"https:\/\/tienda.estilooficina.com\/muebles-de-oficina\/conectividad\/\" target=\"blank\" background=\"#090907\" color=\"#ffffff\"<span class=\"pjBG2e\" data-cid=\"ec459150-666c-4838-a8ed-25872ef0ef20\"><span class=\"UV3uM\">\u00a0<\/span><\/span> size=\"4\" \u00a0icon=\"icon: usb\" icon_color=\"#ffffff\" text_shadow=\"px px px #ffffff\" id=\"123\"]Accesorios de Conectividad[\/su_button]\n<p><\/p>\n","protected":false},"featured_media":11700,"template":"","meta":[],"product_brand":[],"product_cat":[193,137],"product_tag":[],"class_list":{"0":"post-5623","1":"product","2":"type-product","3":"status-publish","4":"has-post-thumbnail","6":"product_cat-directorio","7":"product_cat-mesa","8":"has-featured","10":"first","11":"instock","12":"taxable","13":"shipping-taxable","14":"purchasable","15":"product-type-variable"},"yoast_head":"<!-- This site is optimized with the Yoast SEO plugin v27.6 - https:\/\/yoast.com\/product\/yoast-seo-wordpress\/ -->\n<title>Mesa de Directorio Smart Plus &#8211; Muebles de Oficina &#8211; Tienda Estilo Oficina<\/title>\n<meta name=\"description\" content=\"\u2714\ufe0fMesa de Directorio Smart Plus Modelos Colores y Medidas, &#8211; \u2714 Muebles de Oficina Moderno &#8211; Lima Per\u00fa &#8211; Melamina y Metal &#8211; 2026 &#8211; \u2714\ufe0fvisita t\u00e9cnica gratuita\" \/>\n<meta name=\"robots\" content=\"index, follow, max-snippet:-1, max-image-preview:large, max-video-preview:-1\" \/>\n<link rel=\"canonical\" href=\"https:\/\/tienda.estilooficina.com\/muebles-de-oficina\/producto\/mesa-directorio-smat-plus\/\" \/>\n<meta property=\"og:locale\" content=\"es_ES\" \/>\n<meta property=\"og:type\" content=\"article\" \/>\n<meta property=\"og:title\" content=\"Mesa de Directorio Smart Plus &#8211; Muebles de Oficina &#8211; Tienda Estilo Oficina\" \/>\n<meta property=\"og:description\" content=\"\u2714\ufe0fMesa de Directorio Smart Plus Modelos Colores y Medidas, &#8211; \u2714 Muebles de Oficina Moderno &#8211; Lima Per\u00fa &#8211; Melamina y Metal &#8211; 2026 &#8211; \u2714\ufe0fvisita t\u00e9cnica gratuita\" \/>\n<meta property=\"og:url\" content=\"https:\/\/tienda.estilooficina.com\/muebles-de-oficina\/producto\/mesa-directorio-smat-plus\/\" \/>\n<meta property=\"og:site_name\" content=\"Tienda Estilo Oficina\" \/>\n<meta property=\"article:publisher\" content=\"https:\/\/www.facebook.com\/eomobiliario\/\" \/>\n<meta property=\"article:modified_time\" content=\"2025-11-20T21:21:51+00:00\" \/>\n<meta property=\"og:image\" content=\"https:\/\/tienda.estilooficina.com\/wp-content\/uploads\/2021\/03\/mesa-directorio-smart-2.jpg\" \/>\n\t<meta property=\"og:image:width\" content=\"1024\" \/>\n\t<meta property=\"og:image:height\" content=\"768\" \/>\n\t<meta property=\"og:image:type\" content=\"image\/jpeg\" \/>\n<meta name=\"twitter:card\" content=\"summary_large_image\" \/>\n<meta name=\"twitter:label1\" content=\"Tiempo de lectura\" \/>\n\t<meta name=\"twitter:data1\" content=\"2 minutos\" \/>\n<script type=\"application\/ld+json\" class=\"yoast-schema-graph\">{\"@context\":\"https:\\\/\\\/schema.org\",\"@graph\":[{\"@type\":\"WebPage\",\"@id\":\"https:\\\/\\\/tienda.estilooficina.com\\\/muebles-de-oficina\\\/producto\\\/mesa-directorio-smat-plus\\\/\",\"url\":\"https:\\\/\\\/tienda.estilooficina.com\\\/muebles-de-oficina\\\/producto\\\/mesa-directorio-smat-plus\\\/\",\"name\":\"Mesa de Directorio Smart Plus &#8211; Muebles de Oficina &#8211; Tienda Estilo Oficina\",\"isPartOf\":{\"@id\":\"https:\\\/\\\/tienda.estilooficina.com\\\/muebles-de-oficina\\\/#website\"},\"primaryImageOfPage\":{\"@id\":\"https:\\\/\\\/tienda.estilooficina.com\\\/muebles-de-oficina\\\/producto\\\/mesa-directorio-smat-plus\\\/#primaryimage\"},\"image\":{\"@id\":\"https:\\\/\\\/tienda.estilooficina.com\\\/muebles-de-oficina\\\/producto\\\/mesa-directorio-smat-plus\\\/#primaryimage\"},\"thumbnailUrl\":\"https:\\\/\\\/tienda.estilooficina.com\\\/wp-content\\\/uploads\\\/2021\\\/04\\\/MESA-DIRECTIVA-SMART-PLUS-1-1.webp\",\"datePublished\":\"2021-04-07T23:33:50+00:00\",\"dateModified\":\"2025-11-20T21:21:51+00:00\",\"description\":\"\u2714\ufe0fMesa de Directorio Smart Plus Modelos Colores y Medidas, &#8211; \u2714 Muebles de Oficina Moderno &#8211; Lima Per\u00fa &#8211; Melamina y Metal &#8211; 2026 &#8211; \u2714\ufe0fvisita t\u00e9cnica gratuita\",\"breadcrumb\":{\"@id\":\"https:\\\/\\\/tienda.estilooficina.com\\\/muebles-de-oficina\\\/producto\\\/mesa-directorio-smat-plus\\\/#breadcrumb\"},\"inLanguage\":\"es\",\"potentialAction\":[{\"@type\":\"ReadAction\",\"target\":[\"https:\\\/\\\/tienda.estilooficina.com\\\/muebles-de-oficina\\\/producto\\\/mesa-directorio-smat-plus\\\/\"]}]},{\"@type\":\"ImageObject\",\"inLanguage\":\"es\",\"@id\":\"https:\\\/\\\/tienda.estilooficina.com\\\/muebles-de-oficina\\\/producto\\\/mesa-directorio-smat-plus\\\/#primaryimage\",\"url\":\"https:\\\/\\\/tienda.estilooficina.com\\\/wp-content\\\/uploads\\\/2021\\\/04\\\/MESA-DIRECTIVA-SMART-PLUS-1-1.webp\",\"contentUrl\":\"https:\\\/\\\/tienda.estilooficina.com\\\/wp-content\\\/uploads\\\/2021\\\/04\\\/MESA-DIRECTIVA-SMART-PLUS-1-1.webp\",\"width\":800,\"height\":800},{\"@type\":\"BreadcrumbList\",\"@id\":\"https:\\\/\\\/tienda.estilooficina.com\\\/muebles-de-oficina\\\/producto\\\/mesa-directorio-smat-plus\\\/#breadcrumb\",\"itemListElement\":[{\"@type\":\"ListItem\",\"position\":1,\"name\":\"Portada\",\"item\":\"https:\\\/\\\/tienda.estilooficina.com\\\/muebles-de-oficina\\\/\"},{\"@type\":\"ListItem\",\"position\":2,\"name\":\"Tienda Online de Muebles para Oficina\",\"item\":\"https:\\\/\\\/tienda.estilooficina.com\\\/muebles-de-oficina\\\/tienda-online-de-muebles-para-oficina\\\/\"},{\"@type\":\"ListItem\",\"position\":3,\"name\":\"Mesa de Directorio Smart Plus\"}]},{\"@type\":\"WebSite\",\"@id\":\"https:\\\/\\\/tienda.estilooficina.com\\\/muebles-de-oficina\\\/#website\",\"url\":\"https:\\\/\\\/tienda.estilooficina.com\\\/muebles-de-oficina\\\/\",\"name\":\"Estilo Oficina\",\"description\":\"Muebles de Oficina a medida\",\"publisher\":{\"@id\":\"https:\\\/\\\/tienda.estilooficina.com\\\/muebles-de-oficina\\\/#organization\"},\"alternateName\":\"muebles de oficina\",\"potentialAction\":[{\"@type\":\"SearchAction\",\"target\":{\"@type\":\"EntryPoint\",\"urlTemplate\":\"https:\\\/\\\/tienda.estilooficina.com\\\/muebles-de-oficina\\\/?s={search_term_string}\"},\"query-input\":{\"@type\":\"PropertyValueSpecification\",\"valueRequired\":true,\"valueName\":\"search_term_string\"}}],\"inLanguage\":\"es\"},{\"@type\":\"Organization\",\"@id\":\"https:\\\/\\\/tienda.estilooficina.com\\\/muebles-de-oficina\\\/#organization\",\"name\":\"Estilo Oficina Peru SAC\",\"alternateName\":\"Muebles de Oficina\",\"url\":\"https:\\\/\\\/tienda.estilooficina.com\\\/muebles-de-oficina\\\/\",\"logo\":{\"@type\":\"ImageObject\",\"inLanguage\":\"es\",\"@id\":\"https:\\\/\\\/tienda.estilooficina.com\\\/muebles-de-oficina\\\/#\\\/schema\\\/logo\\\/image\\\/\",\"url\":\"https:\\\/\\\/tienda.estilooficina.com\\\/wp-content\\\/uploads\\\/2024\\\/11\\\/cropped-Estilo-Oficina-ISOTIPO-N-copiasa-3.webp\",\"contentUrl\":\"https:\\\/\\\/tienda.estilooficina.com\\\/wp-content\\\/uploads\\\/2024\\\/11\\\/cropped-Estilo-Oficina-ISOTIPO-N-copiasa-3.webp\",\"width\":512,\"height\":512,\"caption\":\"Estilo Oficina Peru SAC\"},\"image\":{\"@id\":\"https:\\\/\\\/tienda.estilooficina.com\\\/muebles-de-oficina\\\/#\\\/schema\\\/logo\\\/image\\\/\"},\"sameAs\":[\"https:\\\/\\\/www.facebook.com\\\/eomobiliario\\\/\",\"https:\\\/\\\/www.instagram.com\\\/estilo_oficina\\\/\"]}]}<\/script>\n<!-- \/ Yoast SEO plugin. -->","yoast_head_json":{"title":"Mesa de Directorio Smart Plus &#8211; Muebles de Oficina &#8211; Tienda Estilo Oficina","description":"\u2714\ufe0fMesa de Directorio Smart Plus Modelos Colores y Medidas, &#8211; \u2714 Muebles de Oficina Moderno &#8211; Lima Per\u00fa &#8211; Melamina y Metal &#8211; 2026 &#8211; \u2714\ufe0fvisita t\u00e9cnica gratuita","robots":{"index":"index","follow":"follow","max-snippet":"max-snippet:-1","max-image-preview":"max-image-preview:large","max-video-preview":"max-video-preview:-1"},"canonical":"https:\/\/tienda.estilooficina.com\/muebles-de-oficina\/producto\/mesa-directorio-smat-plus\/","og_locale":"es_ES","og_type":"article","og_title":"Mesa de Directorio Smart Plus &#8211; Muebles de Oficina &#8211; Tienda Estilo Oficina","og_description":"\u2714\ufe0fMesa de Directorio Smart Plus Modelos Colores y Medidas, &#8211; \u2714 Muebles de Oficina Moderno &#8211; Lima Per\u00fa &#8211; Melamina y Metal &#8211; 2026 &#8211; \u2714\ufe0fvisita t\u00e9cnica gratuita","og_url":"https:\/\/tienda.estilooficina.com\/muebles-de-oficina\/producto\/mesa-directorio-smat-plus\/","og_site_name":"Tienda Estilo Oficina","article_publisher":"https:\/\/www.facebook.com\/eomobiliario\/","article_modified_time":"2025-11-20T21:21:51+00:00","og_image":[{"width":1024,"height":768,"url":"https:\/\/tienda.estilooficina.com\/wp-content\/uploads\/2021\/03\/mesa-directorio-smart-2.jpg","type":"image\/jpeg"}],"twitter_card":"summary_large_image","twitter_misc":{"Tiempo de lectura":"2 minutos"},"schema":{"@context":"https:\/\/schema.org","@graph":[{"@type":"WebPage","@id":"https:\/\/tienda.estilooficina.com\/muebles-de-oficina\/producto\/mesa-directorio-smat-plus\/","url":"https:\/\/tienda.estilooficina.com\/muebles-de-oficina\/producto\/mesa-directorio-smat-plus\/","name":"Mesa de Directorio Smart Plus &#8211; Muebles de Oficina &#8211; Tienda Estilo Oficina","isPartOf":{"@id":"https:\/\/tienda.estilooficina.com\/muebles-de-oficina\/#website"},"primaryImageOfPage":{"@id":"https:\/\/tienda.estilooficina.com\/muebles-de-oficina\/producto\/mesa-directorio-smat-plus\/#primaryimage"},"image":{"@id":"https:\/\/tienda.estilooficina.com\/muebles-de-oficina\/producto\/mesa-directorio-smat-plus\/#primaryimage"},"thumbnailUrl":"https:\/\/tienda.estilooficina.com\/wp-content\/uploads\/2021\/04\/MESA-DIRECTIVA-SMART-PLUS-1-1.webp","datePublished":"2021-04-07T23:33:50+00:00","dateModified":"2025-11-20T21:21:51+00:00","description":"\u2714\ufe0fMesa de Directorio Smart Plus Modelos Colores y Medidas, &#8211; \u2714 Muebles de Oficina Moderno &#8211; Lima Per\u00fa &#8211; Melamina y Metal &#8211; 2026 &#8211; \u2714\ufe0fvisita t\u00e9cnica gratuita","breadcrumb":{"@id":"https:\/\/tienda.estilooficina.com\/muebles-de-oficina\/producto\/mesa-directorio-smat-plus\/#breadcrumb"},"inLanguage":"es","potentialAction":[{"@type":"ReadAction","target":["https:\/\/tienda.estilooficina.com\/muebles-de-oficina\/producto\/mesa-directorio-smat-plus\/"]}]},{"@type":"ImageObject","inLanguage":"es","@id":"https:\/\/tienda.estilooficina.com\/muebles-de-oficina\/producto\/mesa-directorio-smat-plus\/#primaryimage","url":"https:\/\/tienda.estilooficina.com\/wp-content\/uploads\/2021\/04\/MESA-DIRECTIVA-SMART-PLUS-1-1.webp","contentUrl":"https:\/\/tienda.estilooficina.com\/wp-content\/uploads\/2021\/04\/MESA-DIRECTIVA-SMART-PLUS-1-1.webp","width":800,"height":800},{"@type":"BreadcrumbList","@id":"https:\/\/tienda.estilooficina.com\/muebles-de-oficina\/producto\/mesa-directorio-smat-plus\/#breadcrumb","itemListElement":[{"@type":"ListItem","position":1,"name":"Portada","item":"https:\/\/tienda.estilooficina.com\/muebles-de-oficina\/"},{"@type":"ListItem","position":2,"name":"Tienda Online de Muebles para Oficina","item":"https:\/\/tienda.estilooficina.com\/muebles-de-oficina\/tienda-online-de-muebles-para-oficina\/"},{"@type":"ListItem","position":3,"name":"Mesa de Directorio Smart Plus"}]},{"@type":"WebSite","@id":"https:\/\/tienda.estilooficina.com\/muebles-de-oficina\/#website","url":"https:\/\/tienda.estilooficina.com\/muebles-de-oficina\/","name":"Estilo Oficina","description":"Muebles de Oficina a medida","publisher":{"@id":"https:\/\/tienda.estilooficina.com\/muebles-de-oficina\/#organization"},"alternateName":"muebles de oficina","potentialAction":[{"@type":"SearchAction","target":{"@type":"EntryPoint","urlTemplate":"https:\/\/tienda.estilooficina.com\/muebles-de-oficina\/?s={search_term_string}"},"query-input":{"@type":"PropertyValueSpecification","valueRequired":true,"valueName":"search_term_string"}}],"inLanguage":"es"},{"@type":"Organization","@id":"https:\/\/tienda.estilooficina.com\/muebles-de-oficina\/#organization","name":"Estilo Oficina Peru SAC","alternateName":"Muebles de Oficina","url":"https:\/\/tienda.estilooficina.com\/muebles-de-oficina\/","logo":{"@type":"ImageObject","inLanguage":"es","@id":"https:\/\/tienda.estilooficina.com\/muebles-de-oficina\/#\/schema\/logo\/image\/","url":"https:\/\/tienda.estilooficina.com\/wp-content\/uploads\/2024\/11\/cropped-Estilo-Oficina-ISOTIPO-N-copiasa-3.webp","contentUrl":"https:\/\/tienda.estilooficina.com\/wp-content\/uploads\/2024\/11\/cropped-Estilo-Oficina-ISOTIPO-N-copiasa-3.webp","width":512,"height":512,"caption":"Estilo Oficina Peru SAC"},"image":{"@id":"https:\/\/tienda.estilooficina.com\/muebles-de-oficina\/#\/schema\/logo\/image\/"},"sameAs":["https:\/\/www.facebook.com\/eomobiliario\/","https:\/\/www.instagram.com\/estilo_oficina\/"]}]}},"_links":{"self":[{"href":"https:\/\/tienda.estilooficina.com\/muebles-de-oficina\/wp-json\/wp\/v2\/product\/5623","targetHints":{"allow":["GET"]}}],"collection":[{"href":"https:\/\/tienda.estilooficina.com\/muebles-de-oficina\/wp-json\/wp\/v2\/product"}],"about":[{"href":"https:\/\/tienda.estilooficina.com\/muebles-de-oficina\/wp-json\/wp\/v2\/types\/product"}],"wp:featuredmedia":[{"embeddable":true,"href":"https:\/\/tienda.estilooficina.com\/muebles-de-oficina\/wp-json\/wp\/v2\/media\/11700"}],"wp:attachment":[{"href":"https:\/\/tienda.estilooficina.com\/muebles-de-oficina\/wp-json\/wp\/v2\/media?parent=5623"}],"wp:term":[{"taxonomy":"product_brand","embeddable":true,"href":"https:\/\/tienda.estilooficina.com\/muebles-de-oficina\/wp-json\/wp\/v2\/product_brand?post=5623"},{"taxonomy":"product_cat","embeddable":true,"href":"https:\/\/tienda.estilooficina.com\/muebles-de-oficina\/wp-json\/wp\/v2\/product_cat?post=5623"},{"taxonomy":"product_tag","embeddable":true,"href":"https:\/\/tienda.estilooficina.com\/muebles-de-oficina\/wp-json\/wp\/v2\/product_tag?post=5623"}],"curies":[{"name":"wp","href":"https:\/\/api.w.org\/{rel}","templated":true}]}}