{"id":11666,"date":"2025-11-20T12:28:44","date_gmt":"2025-11-20T17:28:44","guid":{"rendered":"https:\/\/tienda.estilooficina.com\/muebles-de-oficina\/?post_type=product&#038;p=11666"},"modified":"2026-02-03T11:14:48","modified_gmt":"2026-02-03T16:14:48","slug":"seul-lq","status":"publish","type":"product","link":"https:\/\/tienda.estilooficina.com\/muebles-de-oficina\/producto\/seul-lq\/","title":{"rendered":"SEUL -LQ"},"content":{"rendered":"<p>Base tipo: <strong>Cromada<\/strong><\/p>\n<p><strong>Este producto se entrega completamente armado y listo para el uso.<\/strong><\/p>\n<p>&nbsp;<\/p>\n","protected":false},"excerpt":{"rendered":"<div class=\"fusion-text\">\n<p>\ud83d\ude9a Producto Listo para el despacho de inmediato <strong>\u2705<\/strong><\/p>\n<p><strong>Caracter\u00edsticas:<\/strong><\/p>\n<div class=\"fusion-text fusion-text-1\">\n<ul>\n<li>Espaldar tapizado en malla y cuerina en la parte superior de la silla.<\/li>\n<li>Brazos de Polipropileno y cromo.<\/li>\n<li>Mecanismo reclinable con elevaci\u00f3n a gas, ajustable en una posici\u00f3n al espaldar, con perilla para ajuste de tensi\u00f3n.<\/li>\n<li>Base met\u00e1lica cromada de 64cm.<\/li>\n<li>Garruchas de nylon.<\/li>\n<li>Peso m\u00e1ximo soportado 90 Kg.<\/li>\n<\/ul>\n<\/div>\n<\/div>\n<p><b>Garant\u00eda:<\/b><\/p>\n<ul>\n<li>1 a\u00f1o.<\/li>\n<\/ul>\n","protected":false},"featured_media":2317,"template":"","meta":[],"product_brand":[],"product_cat":[869],"product_tag":[],"class_list":{"0":"post-11666","1":"product","2":"type-product","3":"status-publish","4":"has-post-thumbnail","6":"product_cat-productos-liquidacion","7":"has-featured","9":"first","10":"instock","11":"sale","12":"taxable","13":"shipping-taxable","14":"purchasable","15":"product-type-simple"},"yoast_head":"<!-- This site is optimized with the Yoast SEO plugin v27.1.1 - https:\/\/yoast.com\/product\/yoast-seo-wordpress\/ -->\n<title>SEUL -LQ &#8211; Muebles de Oficina &#8211; Tienda Estilo Oficina<\/title>\n<meta name=\"description\" content=\"\u2714\ufe0fSEUL -LQ Modelos Colores y Medidas, &#8211; \u2714 Muebles de Oficina Moderno &#8211; Lima Per\u00fa &#8211; Melamina y Metal &#8211; 2026 &#8211; \u2714\ufe0fvisita t\u00e9cnica gratuita\" \/>\n<meta name=\"robots\" content=\"index, follow, max-snippet:-1, max-image-preview:large, max-video-preview:-1\" \/>\n<link rel=\"canonical\" href=\"https:\/\/tienda.estilooficina.com\/muebles-de-oficina\/producto\/seul-lq\/\" \/>\n<meta property=\"og:locale\" content=\"es_ES\" \/>\n<meta property=\"og:type\" content=\"article\" \/>\n<meta property=\"og:title\" content=\"SEUL -LQ &#8211; Muebles de Oficina &#8211; Tienda Estilo Oficina\" \/>\n<meta property=\"og:description\" content=\"\u2714\ufe0fSEUL -LQ Modelos Colores y Medidas, &#8211; \u2714 Muebles de Oficina Moderno &#8211; Lima Per\u00fa &#8211; Melamina y Metal &#8211; 2026 &#8211; \u2714\ufe0fvisita t\u00e9cnica gratuita\" \/>\n<meta property=\"og:url\" content=\"https:\/\/tienda.estilooficina.com\/muebles-de-oficina\/producto\/seul-lq\/\" \/>\n<meta property=\"og:site_name\" content=\"Tienda Estilo Oficina\" \/>\n<meta property=\"article:publisher\" content=\"https:\/\/www.facebook.com\/eomobiliario\/\" \/>\n<meta property=\"article:modified_time\" content=\"2026-02-03T16:14:48+00:00\" \/>\n<meta property=\"og:image\" content=\"https:\/\/tienda.estilooficina.com\/wp-content\/uploads\/2020\/05\/SEUL-PRESIDENTE.jpg\" \/>\n\t<meta property=\"og:image:width\" content=\"800\" \/>\n\t<meta property=\"og:image:height\" content=\"800\" \/>\n\t<meta property=\"og:image:type\" content=\"image\/jpeg\" \/>\n<meta name=\"twitter:card\" content=\"summary_large_image\" \/>\n<meta name=\"twitter:label1\" content=\"Tiempo de lectura\" \/>\n\t<meta name=\"twitter:data1\" content=\"1 minuto\" \/>\n<script type=\"application\/ld+json\" class=\"yoast-schema-graph\">{\"@context\":\"https:\/\/schema.org\",\"@graph\":[{\"@type\":\"WebPage\",\"@id\":\"https:\/\/tienda.estilooficina.com\/muebles-de-oficina\/producto\/seul-lq\/\",\"url\":\"https:\/\/tienda.estilooficina.com\/muebles-de-oficina\/producto\/seul-lq\/\",\"name\":\"SEUL -LQ &#8211; Muebles de Oficina &#8211; Tienda Estilo Oficina\",\"isPartOf\":{\"@id\":\"https:\/\/tienda.estilooficina.com\/muebles-de-oficina\/#website\"},\"primaryImageOfPage\":{\"@id\":\"https:\/\/tienda.estilooficina.com\/muebles-de-oficina\/producto\/seul-lq\/#primaryimage\"},\"image\":{\"@id\":\"https:\/\/tienda.estilooficina.com\/muebles-de-oficina\/producto\/seul-lq\/#primaryimage\"},\"thumbnailUrl\":\"https:\/\/tienda.estilooficina.com\/wp-content\/uploads\/2020\/05\/SEUL-PRESIDENTE.jpg\",\"datePublished\":\"2025-11-20T17:28:44+00:00\",\"dateModified\":\"2026-02-03T16:14:48+00:00\",\"description\":\"\u2714\ufe0fSEUL -LQ Modelos Colores y Medidas, &#8211; \u2714 Muebles de Oficina Moderno &#8211; Lima Per\u00fa &#8211; Melamina y Metal &#8211; 2026 &#8211; \u2714\ufe0fvisita t\u00e9cnica gratuita\",\"breadcrumb\":{\"@id\":\"https:\/\/tienda.estilooficina.com\/muebles-de-oficina\/producto\/seul-lq\/#breadcrumb\"},\"inLanguage\":\"es\",\"potentialAction\":[{\"@type\":\"ReadAction\",\"target\":[\"https:\/\/tienda.estilooficina.com\/muebles-de-oficina\/producto\/seul-lq\/\"]}]},{\"@type\":\"ImageObject\",\"inLanguage\":\"es\",\"@id\":\"https:\/\/tienda.estilooficina.com\/muebles-de-oficina\/producto\/seul-lq\/#primaryimage\",\"url\":\"https:\/\/tienda.estilooficina.com\/wp-content\/uploads\/2020\/05\/SEUL-PRESIDENTE.jpg\",\"contentUrl\":\"https:\/\/tienda.estilooficina.com\/wp-content\/uploads\/2020\/05\/SEUL-PRESIDENTE.jpg\",\"width\":800,\"height\":800},{\"@type\":\"BreadcrumbList\",\"@id\":\"https:\/\/tienda.estilooficina.com\/muebles-de-oficina\/producto\/seul-lq\/#breadcrumb\",\"itemListElement\":[{\"@type\":\"ListItem\",\"position\":1,\"name\":\"Portada\",\"item\":\"https:\/\/tienda.estilooficina.com\/muebles-de-oficina\/\"},{\"@type\":\"ListItem\",\"position\":2,\"name\":\"Tienda Online de Muebles para Oficina\",\"item\":\"https:\/\/tienda.estilooficina.com\/muebles-de-oficina\/tienda-online-de-muebles-para-oficina\/\"},{\"@type\":\"ListItem\",\"position\":3,\"name\":\"SEUL -LQ\"}]},{\"@type\":\"WebSite\",\"@id\":\"https:\/\/tienda.estilooficina.com\/muebles-de-oficina\/#website\",\"url\":\"https:\/\/tienda.estilooficina.com\/muebles-de-oficina\/\",\"name\":\"Estilo Oficina\",\"description\":\"Muebles de Oficina a medida\",\"publisher\":{\"@id\":\"https:\/\/tienda.estilooficina.com\/muebles-de-oficina\/#organization\"},\"alternateName\":\"muebles de oficina\",\"potentialAction\":[{\"@type\":\"SearchAction\",\"target\":{\"@type\":\"EntryPoint\",\"urlTemplate\":\"https:\/\/tienda.estilooficina.com\/muebles-de-oficina\/?s={search_term_string}\"},\"query-input\":{\"@type\":\"PropertyValueSpecification\",\"valueRequired\":true,\"valueName\":\"search_term_string\"}}],\"inLanguage\":\"es\"},{\"@type\":\"Organization\",\"@id\":\"https:\/\/tienda.estilooficina.com\/muebles-de-oficina\/#organization\",\"name\":\"Estilo Oficina Peru SAC\",\"alternateName\":\"Muebles de Oficina\",\"url\":\"https:\/\/tienda.estilooficina.com\/muebles-de-oficina\/\",\"logo\":{\"@type\":\"ImageObject\",\"inLanguage\":\"es\",\"@id\":\"https:\/\/tienda.estilooficina.com\/muebles-de-oficina\/#\/schema\/logo\/image\/\",\"url\":\"https:\/\/tienda.estilooficina.com\/wp-content\/uploads\/2024\/11\/cropped-Estilo-Oficina-ISOTIPO-N-copiasa-3.webp\",\"contentUrl\":\"https:\/\/tienda.estilooficina.com\/wp-content\/uploads\/2024\/11\/cropped-Estilo-Oficina-ISOTIPO-N-copiasa-3.webp\",\"width\":512,\"height\":512,\"caption\":\"Estilo Oficina Peru SAC\"},\"image\":{\"@id\":\"https:\/\/tienda.estilooficina.com\/muebles-de-oficina\/#\/schema\/logo\/image\/\"},\"sameAs\":[\"https:\/\/www.facebook.com\/eomobiliario\/\",\"https:\/\/www.instagram.com\/estilo_oficina\/\"]}]}<\/script>\n<!-- \/ Yoast SEO plugin. -->","yoast_head_json":{"title":"SEUL -LQ &#8211; Muebles de Oficina &#8211; Tienda Estilo Oficina","description":"\u2714\ufe0fSEUL -LQ Modelos Colores y Medidas, &#8211; \u2714 Muebles de Oficina Moderno &#8211; Lima Per\u00fa &#8211; Melamina y Metal &#8211; 2026 &#8211; \u2714\ufe0fvisita t\u00e9cnica gratuita","robots":{"index":"index","follow":"follow","max-snippet":"max-snippet:-1","max-image-preview":"max-image-preview:large","max-video-preview":"max-video-preview:-1"},"canonical":"https:\/\/tienda.estilooficina.com\/muebles-de-oficina\/producto\/seul-lq\/","og_locale":"es_ES","og_type":"article","og_title":"SEUL -LQ &#8211; Muebles de Oficina &#8211; Tienda Estilo Oficina","og_description":"\u2714\ufe0fSEUL -LQ Modelos Colores y Medidas, &#8211; \u2714 Muebles de Oficina Moderno &#8211; Lima Per\u00fa &#8211; Melamina y Metal &#8211; 2026 &#8211; \u2714\ufe0fvisita t\u00e9cnica gratuita","og_url":"https:\/\/tienda.estilooficina.com\/muebles-de-oficina\/producto\/seul-lq\/","og_site_name":"Tienda Estilo Oficina","article_publisher":"https:\/\/www.facebook.com\/eomobiliario\/","article_modified_time":"2026-02-03T16:14:48+00:00","og_image":[{"width":800,"height":800,"url":"https:\/\/tienda.estilooficina.com\/wp-content\/uploads\/2020\/05\/SEUL-PRESIDENTE.jpg","type":"image\/jpeg"}],"twitter_card":"summary_large_image","twitter_misc":{"Tiempo de lectura":"1 minuto"},"schema":{"@context":"https:\/\/schema.org","@graph":[{"@type":"WebPage","@id":"https:\/\/tienda.estilooficina.com\/muebles-de-oficina\/producto\/seul-lq\/","url":"https:\/\/tienda.estilooficina.com\/muebles-de-oficina\/producto\/seul-lq\/","name":"SEUL -LQ &#8211; Muebles de Oficina &#8211; Tienda Estilo Oficina","isPartOf":{"@id":"https:\/\/tienda.estilooficina.com\/muebles-de-oficina\/#website"},"primaryImageOfPage":{"@id":"https:\/\/tienda.estilooficina.com\/muebles-de-oficina\/producto\/seul-lq\/#primaryimage"},"image":{"@id":"https:\/\/tienda.estilooficina.com\/muebles-de-oficina\/producto\/seul-lq\/#primaryimage"},"thumbnailUrl":"https:\/\/tienda.estilooficina.com\/wp-content\/uploads\/2020\/05\/SEUL-PRESIDENTE.jpg","datePublished":"2025-11-20T17:28:44+00:00","dateModified":"2026-02-03T16:14:48+00:00","description":"\u2714\ufe0fSEUL -LQ Modelos Colores y Medidas, &#8211; \u2714 Muebles de Oficina Moderno &#8211; Lima Per\u00fa &#8211; Melamina y Metal &#8211; 2026 &#8211; \u2714\ufe0fvisita t\u00e9cnica gratuita","breadcrumb":{"@id":"https:\/\/tienda.estilooficina.com\/muebles-de-oficina\/producto\/seul-lq\/#breadcrumb"},"inLanguage":"es","potentialAction":[{"@type":"ReadAction","target":["https:\/\/tienda.estilooficina.com\/muebles-de-oficina\/producto\/seul-lq\/"]}]},{"@type":"ImageObject","inLanguage":"es","@id":"https:\/\/tienda.estilooficina.com\/muebles-de-oficina\/producto\/seul-lq\/#primaryimage","url":"https:\/\/tienda.estilooficina.com\/wp-content\/uploads\/2020\/05\/SEUL-PRESIDENTE.jpg","contentUrl":"https:\/\/tienda.estilooficina.com\/wp-content\/uploads\/2020\/05\/SEUL-PRESIDENTE.jpg","width":800,"height":800},{"@type":"BreadcrumbList","@id":"https:\/\/tienda.estilooficina.com\/muebles-de-oficina\/producto\/seul-lq\/#breadcrumb","itemListElement":[{"@type":"ListItem","position":1,"name":"Portada","item":"https:\/\/tienda.estilooficina.com\/muebles-de-oficina\/"},{"@type":"ListItem","position":2,"name":"Tienda Online de Muebles para Oficina","item":"https:\/\/tienda.estilooficina.com\/muebles-de-oficina\/tienda-online-de-muebles-para-oficina\/"},{"@type":"ListItem","position":3,"name":"SEUL -LQ"}]},{"@type":"WebSite","@id":"https:\/\/tienda.estilooficina.com\/muebles-de-oficina\/#website","url":"https:\/\/tienda.estilooficina.com\/muebles-de-oficina\/","name":"Estilo Oficina","description":"Muebles de Oficina a medida","publisher":{"@id":"https:\/\/tienda.estilooficina.com\/muebles-de-oficina\/#organization"},"alternateName":"muebles de oficina","potentialAction":[{"@type":"SearchAction","target":{"@type":"EntryPoint","urlTemplate":"https:\/\/tienda.estilooficina.com\/muebles-de-oficina\/?s={search_term_string}"},"query-input":{"@type":"PropertyValueSpecification","valueRequired":true,"valueName":"search_term_string"}}],"inLanguage":"es"},{"@type":"Organization","@id":"https:\/\/tienda.estilooficina.com\/muebles-de-oficina\/#organization","name":"Estilo Oficina Peru SAC","alternateName":"Muebles de Oficina","url":"https:\/\/tienda.estilooficina.com\/muebles-de-oficina\/","logo":{"@type":"ImageObject","inLanguage":"es","@id":"https:\/\/tienda.estilooficina.com\/muebles-de-oficina\/#\/schema\/logo\/image\/","url":"https:\/\/tienda.estilooficina.com\/wp-content\/uploads\/2024\/11\/cropped-Estilo-Oficina-ISOTIPO-N-copiasa-3.webp","contentUrl":"https:\/\/tienda.estilooficina.com\/wp-content\/uploads\/2024\/11\/cropped-Estilo-Oficina-ISOTIPO-N-copiasa-3.webp","width":512,"height":512,"caption":"Estilo Oficina Peru SAC"},"image":{"@id":"https:\/\/tienda.estilooficina.com\/muebles-de-oficina\/#\/schema\/logo\/image\/"},"sameAs":["https:\/\/www.facebook.com\/eomobiliario\/","https:\/\/www.instagram.com\/estilo_oficina\/"]}]}},"_links":{"self":[{"href":"https:\/\/tienda.estilooficina.com\/muebles-de-oficina\/wp-json\/wp\/v2\/product\/11666","targetHints":{"allow":["GET"]}}],"collection":[{"href":"https:\/\/tienda.estilooficina.com\/muebles-de-oficina\/wp-json\/wp\/v2\/product"}],"about":[{"href":"https:\/\/tienda.estilooficina.com\/muebles-de-oficina\/wp-json\/wp\/v2\/types\/product"}],"wp:featuredmedia":[{"embeddable":true,"href":"https:\/\/tienda.estilooficina.com\/muebles-de-oficina\/wp-json\/wp\/v2\/media\/2317"}],"wp:attachment":[{"href":"https:\/\/tienda.estilooficina.com\/muebles-de-oficina\/wp-json\/wp\/v2\/media?parent=11666"}],"wp:term":[{"taxonomy":"product_brand","embeddable":true,"href":"https:\/\/tienda.estilooficina.com\/muebles-de-oficina\/wp-json\/wp\/v2\/product_brand?post=11666"},{"taxonomy":"product_cat","embeddable":true,"href":"https:\/\/tienda.estilooficina.com\/muebles-de-oficina\/wp-json\/wp\/v2\/product_cat?post=11666"},{"taxonomy":"product_tag","embeddable":true,"href":"https:\/\/tienda.estilooficina.com\/muebles-de-oficina\/wp-json\/wp\/v2\/product_tag?post=11666"}],"curies":[{"name":"wp","href":"https:\/\/api.w.org\/{rel}","templated":true}]}}