{"id":10145,"date":"2024-12-26T11:52:40","date_gmt":"2024-12-26T16:52:40","guid":{"rendered":"https:\/\/tienda.estilooficina.com\/muebles-de-oficina\/?post_type=product&#038;p=10145"},"modified":"2026-02-10T11:55:28","modified_gmt":"2026-02-10T16:55:28","slug":"enchufe-de-escritorio","status":"publish","type":"product","link":"https:\/\/tienda.estilooficina.com\/muebles-de-oficina\/producto\/enchufe-de-escritorio\/","title":{"rendered":"Enchufe de Escritorio Rectangular"},"content":{"rendered":"<p><strong>Medidas: <\/strong>170*55*41mm<br \/>\n<strong>Color:<\/strong> Negro<br \/>\nEl dise\u00f1o del enchufe emergente permite un uso<br \/>\nf\u00e1cil para la alimentaci\u00f3n de energ\u00eda y datos en<br \/>\npc\u00b4s, tablets, smartphones, equipos de sonido,<br \/>\nlicuadora, batidora, cafetera y otros equipos electr\u00f3nicos<br \/>\nde cocina.<\/p>\n<p><strong>Ambientes de uso:<\/strong> Oficina, Cocina, Centros<br \/>\ncomerciales, Restaurantes, Centros de entretenimiento.<\/p>\n<p><em><strong data-start=\"1372\" data-end=\"1392\">Un 30% de descuento<\/strong> en cajas de conectividad aplica \u00fanicamente con la compra de <strong data-start=\"1453\" data-end=\"1476\">escritorios o mesas<\/strong>.<\/em><\/p>\n","protected":false},"excerpt":{"rendered":"<p><strong>Caracter\u00edsticas:<br \/>\n<\/strong>2 Tomacorrientes universales<br \/>\n1 USB C<br \/>\n2 USB de carga<strong><br \/>\n<\/strong><\/p>\n<p>\u2022 Los precios incluyen IGV<br \/>\n\u2022 Garant\u00eda del accesorio 1 a\u00f1o<br \/>\n\u2022 Precio incluye instalaci\u00f3n de la carpinter\u00eda<br \/>\n(siempre y cuando el mobiliario se encuentre aun en proceso de fabricaci\u00f3n en nuestro taller)<\/p>\n","protected":false},"featured_media":10147,"template":"","meta":[],"product_brand":[],"product_cat":[262,595,823],"product_tag":[],"class_list":{"0":"post-10145","1":"product","2":"type-product","3":"status-publish","4":"has-post-thumbnail","6":"product_cat-complementos","7":"product_cat-conectividad","8":"product_cat-omegas-importados","9":"has-featured","11":"first","12":"instock","13":"taxable","14":"shipping-taxable","15":"purchasable","16":"product-type-simple"},"yoast_head":"<!-- This site is optimized with the Yoast SEO plugin v27.1.1 - https:\/\/yoast.com\/product\/yoast-seo-wordpress\/ -->\n<title>Enchufe de Escritorio Rectangular &#8211; Muebles de Oficina &#8211; Tienda Estilo Oficina<\/title>\n<meta name=\"description\" content=\"\u2714\ufe0fEnchufe de Escritorio Rectangular Modelos Colores y Medidas, &#8211; \u2714 Muebles de Oficina Moderno &#8211; Lima Per\u00fa &#8211; Melamina y Metal &#8211; 2026 &#8211; \u2714\ufe0fvisita t\u00e9cnica gratuita\" \/>\n<meta name=\"robots\" content=\"index, follow, max-snippet:-1, max-image-preview:large, max-video-preview:-1\" \/>\n<link rel=\"canonical\" href=\"https:\/\/tienda.estilooficina.com\/muebles-de-oficina\/producto\/enchufe-de-escritorio\/\" \/>\n<meta property=\"og:locale\" content=\"es_ES\" \/>\n<meta property=\"og:type\" content=\"article\" \/>\n<meta property=\"og:title\" content=\"Enchufe de Escritorio Rectangular &#8211; Muebles de Oficina &#8211; Tienda Estilo Oficina\" \/>\n<meta property=\"og:description\" content=\"\u2714\ufe0fEnchufe de Escritorio Rectangular Modelos Colores y Medidas, &#8211; \u2714 Muebles de Oficina Moderno &#8211; Lima Per\u00fa &#8211; Melamina y Metal &#8211; 2026 &#8211; \u2714\ufe0fvisita t\u00e9cnica gratuita\" \/>\n<meta property=\"og:url\" content=\"https:\/\/tienda.estilooficina.com\/muebles-de-oficina\/producto\/enchufe-de-escritorio\/\" \/>\n<meta property=\"og:site_name\" content=\"Tienda Estilo Oficina\" \/>\n<meta property=\"article:publisher\" content=\"https:\/\/www.facebook.com\/eomobiliario\/\" \/>\n<meta property=\"article:modified_time\" content=\"2026-02-10T16:55:28+00:00\" \/>\n<meta property=\"og:image\" content=\"https:\/\/tienda.estilooficina.com\/wp-content\/uploads\/2024\/12\/Enchufe-de-Escritorio-1.webp\" \/>\n\t<meta property=\"og:image:width\" content=\"800\" \/>\n\t<meta property=\"og:image:height\" content=\"800\" \/>\n\t<meta property=\"og:image:type\" content=\"image\/webp\" \/>\n<meta name=\"twitter:card\" content=\"summary_large_image\" \/>\n<meta name=\"twitter:label1\" content=\"Tiempo de lectura\" \/>\n\t<meta name=\"twitter:data1\" content=\"1 minuto\" \/>\n<script type=\"application\/ld+json\" class=\"yoast-schema-graph\">{\"@context\":\"https:\/\/schema.org\",\"@graph\":[{\"@type\":\"WebPage\",\"@id\":\"https:\/\/tienda.estilooficina.com\/muebles-de-oficina\/producto\/enchufe-de-escritorio\/\",\"url\":\"https:\/\/tienda.estilooficina.com\/muebles-de-oficina\/producto\/enchufe-de-escritorio\/\",\"name\":\"Enchufe de Escritorio Rectangular &#8211; Muebles de Oficina &#8211; Tienda Estilo Oficina\",\"isPartOf\":{\"@id\":\"https:\/\/tienda.estilooficina.com\/muebles-de-oficina\/#website\"},\"primaryImageOfPage\":{\"@id\":\"https:\/\/tienda.estilooficina.com\/muebles-de-oficina\/producto\/enchufe-de-escritorio\/#primaryimage\"},\"image\":{\"@id\":\"https:\/\/tienda.estilooficina.com\/muebles-de-oficina\/producto\/enchufe-de-escritorio\/#primaryimage\"},\"thumbnailUrl\":\"https:\/\/tienda.estilooficina.com\/wp-content\/uploads\/2024\/12\/Enchufe-de-Escritorio-1.webp\",\"datePublished\":\"2024-12-26T16:52:40+00:00\",\"dateModified\":\"2026-02-10T16:55:28+00:00\",\"description\":\"\u2714\ufe0fEnchufe de Escritorio Rectangular Modelos Colores y Medidas, &#8211; \u2714 Muebles de Oficina Moderno &#8211; Lima Per\u00fa &#8211; Melamina y Metal &#8211; 2026 &#8211; \u2714\ufe0fvisita t\u00e9cnica gratuita\",\"breadcrumb\":{\"@id\":\"https:\/\/tienda.estilooficina.com\/muebles-de-oficina\/producto\/enchufe-de-escritorio\/#breadcrumb\"},\"inLanguage\":\"es\",\"potentialAction\":[{\"@type\":\"ReadAction\",\"target\":[\"https:\/\/tienda.estilooficina.com\/muebles-de-oficina\/producto\/enchufe-de-escritorio\/\"]}]},{\"@type\":\"ImageObject\",\"inLanguage\":\"es\",\"@id\":\"https:\/\/tienda.estilooficina.com\/muebles-de-oficina\/producto\/enchufe-de-escritorio\/#primaryimage\",\"url\":\"https:\/\/tienda.estilooficina.com\/wp-content\/uploads\/2024\/12\/Enchufe-de-Escritorio-1.webp\",\"contentUrl\":\"https:\/\/tienda.estilooficina.com\/wp-content\/uploads\/2024\/12\/Enchufe-de-Escritorio-1.webp\",\"width\":800,\"height\":800},{\"@type\":\"BreadcrumbList\",\"@id\":\"https:\/\/tienda.estilooficina.com\/muebles-de-oficina\/producto\/enchufe-de-escritorio\/#breadcrumb\",\"itemListElement\":[{\"@type\":\"ListItem\",\"position\":1,\"name\":\"Portada\",\"item\":\"https:\/\/tienda.estilooficina.com\/muebles-de-oficina\/\"},{\"@type\":\"ListItem\",\"position\":2,\"name\":\"Tienda Online de Muebles para Oficina\",\"item\":\"https:\/\/tienda.estilooficina.com\/muebles-de-oficina\/tienda-online-de-muebles-para-oficina\/\"},{\"@type\":\"ListItem\",\"position\":3,\"name\":\"Enchufe de Escritorio Rectangular\"}]},{\"@type\":\"WebSite\",\"@id\":\"https:\/\/tienda.estilooficina.com\/muebles-de-oficina\/#website\",\"url\":\"https:\/\/tienda.estilooficina.com\/muebles-de-oficina\/\",\"name\":\"Estilo Oficina\",\"description\":\"Muebles de Oficina a medida\",\"publisher\":{\"@id\":\"https:\/\/tienda.estilooficina.com\/muebles-de-oficina\/#organization\"},\"alternateName\":\"muebles de oficina\",\"potentialAction\":[{\"@type\":\"SearchAction\",\"target\":{\"@type\":\"EntryPoint\",\"urlTemplate\":\"https:\/\/tienda.estilooficina.com\/muebles-de-oficina\/?s={search_term_string}\"},\"query-input\":{\"@type\":\"PropertyValueSpecification\",\"valueRequired\":true,\"valueName\":\"search_term_string\"}}],\"inLanguage\":\"es\"},{\"@type\":\"Organization\",\"@id\":\"https:\/\/tienda.estilooficina.com\/muebles-de-oficina\/#organization\",\"name\":\"Estilo Oficina Peru SAC\",\"alternateName\":\"Muebles de Oficina\",\"url\":\"https:\/\/tienda.estilooficina.com\/muebles-de-oficina\/\",\"logo\":{\"@type\":\"ImageObject\",\"inLanguage\":\"es\",\"@id\":\"https:\/\/tienda.estilooficina.com\/muebles-de-oficina\/#\/schema\/logo\/image\/\",\"url\":\"https:\/\/tienda.estilooficina.com\/wp-content\/uploads\/2024\/11\/cropped-Estilo-Oficina-ISOTIPO-N-copiasa-3.webp\",\"contentUrl\":\"https:\/\/tienda.estilooficina.com\/wp-content\/uploads\/2024\/11\/cropped-Estilo-Oficina-ISOTIPO-N-copiasa-3.webp\",\"width\":512,\"height\":512,\"caption\":\"Estilo Oficina Peru SAC\"},\"image\":{\"@id\":\"https:\/\/tienda.estilooficina.com\/muebles-de-oficina\/#\/schema\/logo\/image\/\"},\"sameAs\":[\"https:\/\/www.facebook.com\/eomobiliario\/\",\"https:\/\/www.instagram.com\/estilo_oficina\/\"]}]}<\/script>\n<!-- \/ Yoast SEO plugin. -->","yoast_head_json":{"title":"Enchufe de Escritorio Rectangular &#8211; Muebles de Oficina &#8211; Tienda Estilo Oficina","description":"\u2714\ufe0fEnchufe de Escritorio Rectangular Modelos Colores y Medidas, &#8211; \u2714 Muebles de Oficina Moderno &#8211; Lima Per\u00fa &#8211; Melamina y Metal &#8211; 2026 &#8211; \u2714\ufe0fvisita t\u00e9cnica gratuita","robots":{"index":"index","follow":"follow","max-snippet":"max-snippet:-1","max-image-preview":"max-image-preview:large","max-video-preview":"max-video-preview:-1"},"canonical":"https:\/\/tienda.estilooficina.com\/muebles-de-oficina\/producto\/enchufe-de-escritorio\/","og_locale":"es_ES","og_type":"article","og_title":"Enchufe de Escritorio Rectangular &#8211; Muebles de Oficina &#8211; Tienda Estilo Oficina","og_description":"\u2714\ufe0fEnchufe de Escritorio Rectangular Modelos Colores y Medidas, &#8211; \u2714 Muebles de Oficina Moderno &#8211; Lima Per\u00fa &#8211; Melamina y Metal &#8211; 2026 &#8211; \u2714\ufe0fvisita t\u00e9cnica gratuita","og_url":"https:\/\/tienda.estilooficina.com\/muebles-de-oficina\/producto\/enchufe-de-escritorio\/","og_site_name":"Tienda Estilo Oficina","article_publisher":"https:\/\/www.facebook.com\/eomobiliario\/","article_modified_time":"2026-02-10T16:55:28+00:00","og_image":[{"width":800,"height":800,"url":"https:\/\/tienda.estilooficina.com\/wp-content\/uploads\/2024\/12\/Enchufe-de-Escritorio-1.webp","type":"image\/webp"}],"twitter_card":"summary_large_image","twitter_misc":{"Tiempo de lectura":"1 minuto"},"schema":{"@context":"https:\/\/schema.org","@graph":[{"@type":"WebPage","@id":"https:\/\/tienda.estilooficina.com\/muebles-de-oficina\/producto\/enchufe-de-escritorio\/","url":"https:\/\/tienda.estilooficina.com\/muebles-de-oficina\/producto\/enchufe-de-escritorio\/","name":"Enchufe de Escritorio Rectangular &#8211; Muebles de Oficina &#8211; Tienda Estilo Oficina","isPartOf":{"@id":"https:\/\/tienda.estilooficina.com\/muebles-de-oficina\/#website"},"primaryImageOfPage":{"@id":"https:\/\/tienda.estilooficina.com\/muebles-de-oficina\/producto\/enchufe-de-escritorio\/#primaryimage"},"image":{"@id":"https:\/\/tienda.estilooficina.com\/muebles-de-oficina\/producto\/enchufe-de-escritorio\/#primaryimage"},"thumbnailUrl":"https:\/\/tienda.estilooficina.com\/wp-content\/uploads\/2024\/12\/Enchufe-de-Escritorio-1.webp","datePublished":"2024-12-26T16:52:40+00:00","dateModified":"2026-02-10T16:55:28+00:00","description":"\u2714\ufe0fEnchufe de Escritorio Rectangular Modelos Colores y Medidas, &#8211; \u2714 Muebles de Oficina Moderno &#8211; Lima Per\u00fa &#8211; Melamina y Metal &#8211; 2026 &#8211; \u2714\ufe0fvisita t\u00e9cnica gratuita","breadcrumb":{"@id":"https:\/\/tienda.estilooficina.com\/muebles-de-oficina\/producto\/enchufe-de-escritorio\/#breadcrumb"},"inLanguage":"es","potentialAction":[{"@type":"ReadAction","target":["https:\/\/tienda.estilooficina.com\/muebles-de-oficina\/producto\/enchufe-de-escritorio\/"]}]},{"@type":"ImageObject","inLanguage":"es","@id":"https:\/\/tienda.estilooficina.com\/muebles-de-oficina\/producto\/enchufe-de-escritorio\/#primaryimage","url":"https:\/\/tienda.estilooficina.com\/wp-content\/uploads\/2024\/12\/Enchufe-de-Escritorio-1.webp","contentUrl":"https:\/\/tienda.estilooficina.com\/wp-content\/uploads\/2024\/12\/Enchufe-de-Escritorio-1.webp","width":800,"height":800},{"@type":"BreadcrumbList","@id":"https:\/\/tienda.estilooficina.com\/muebles-de-oficina\/producto\/enchufe-de-escritorio\/#breadcrumb","itemListElement":[{"@type":"ListItem","position":1,"name":"Portada","item":"https:\/\/tienda.estilooficina.com\/muebles-de-oficina\/"},{"@type":"ListItem","position":2,"name":"Tienda Online de Muebles para Oficina","item":"https:\/\/tienda.estilooficina.com\/muebles-de-oficina\/tienda-online-de-muebles-para-oficina\/"},{"@type":"ListItem","position":3,"name":"Enchufe de Escritorio Rectangular"}]},{"@type":"WebSite","@id":"https:\/\/tienda.estilooficina.com\/muebles-de-oficina\/#website","url":"https:\/\/tienda.estilooficina.com\/muebles-de-oficina\/","name":"Estilo Oficina","description":"Muebles de Oficina a medida","publisher":{"@id":"https:\/\/tienda.estilooficina.com\/muebles-de-oficina\/#organization"},"alternateName":"muebles de oficina","potentialAction":[{"@type":"SearchAction","target":{"@type":"EntryPoint","urlTemplate":"https:\/\/tienda.estilooficina.com\/muebles-de-oficina\/?s={search_term_string}"},"query-input":{"@type":"PropertyValueSpecification","valueRequired":true,"valueName":"search_term_string"}}],"inLanguage":"es"},{"@type":"Organization","@id":"https:\/\/tienda.estilooficina.com\/muebles-de-oficina\/#organization","name":"Estilo Oficina Peru SAC","alternateName":"Muebles de Oficina","url":"https:\/\/tienda.estilooficina.com\/muebles-de-oficina\/","logo":{"@type":"ImageObject","inLanguage":"es","@id":"https:\/\/tienda.estilooficina.com\/muebles-de-oficina\/#\/schema\/logo\/image\/","url":"https:\/\/tienda.estilooficina.com\/wp-content\/uploads\/2024\/11\/cropped-Estilo-Oficina-ISOTIPO-N-copiasa-3.webp","contentUrl":"https:\/\/tienda.estilooficina.com\/wp-content\/uploads\/2024\/11\/cropped-Estilo-Oficina-ISOTIPO-N-copiasa-3.webp","width":512,"height":512,"caption":"Estilo Oficina Peru SAC"},"image":{"@id":"https:\/\/tienda.estilooficina.com\/muebles-de-oficina\/#\/schema\/logo\/image\/"},"sameAs":["https:\/\/www.facebook.com\/eomobiliario\/","https:\/\/www.instagram.com\/estilo_oficina\/"]}]}},"_links":{"self":[{"href":"https:\/\/tienda.estilooficina.com\/muebles-de-oficina\/wp-json\/wp\/v2\/product\/10145","targetHints":{"allow":["GET"]}}],"collection":[{"href":"https:\/\/tienda.estilooficina.com\/muebles-de-oficina\/wp-json\/wp\/v2\/product"}],"about":[{"href":"https:\/\/tienda.estilooficina.com\/muebles-de-oficina\/wp-json\/wp\/v2\/types\/product"}],"wp:featuredmedia":[{"embeddable":true,"href":"https:\/\/tienda.estilooficina.com\/muebles-de-oficina\/wp-json\/wp\/v2\/media\/10147"}],"wp:attachment":[{"href":"https:\/\/tienda.estilooficina.com\/muebles-de-oficina\/wp-json\/wp\/v2\/media?parent=10145"}],"wp:term":[{"taxonomy":"product_brand","embeddable":true,"href":"https:\/\/tienda.estilooficina.com\/muebles-de-oficina\/wp-json\/wp\/v2\/product_brand?post=10145"},{"taxonomy":"product_cat","embeddable":true,"href":"https:\/\/tienda.estilooficina.com\/muebles-de-oficina\/wp-json\/wp\/v2\/product_cat?post=10145"},{"taxonomy":"product_tag","embeddable":true,"href":"https:\/\/tienda.estilooficina.com\/muebles-de-oficina\/wp-json\/wp\/v2\/product_tag?post=10145"}],"curies":[{"name":"wp","href":"https:\/\/api.w.org\/{rel}","templated":true}]}}