{"id":6149,"date":"2021-07-15T14:44:19","date_gmt":"2021-07-15T19:44:19","guid":{"rendered":"https:\/\/tienda.estilooficina.com\/?page_id=6149"},"modified":"2025-07-24T17:31:06","modified_gmt":"2025-07-24T22:31:06","slug":"mesa-de-comedor-empresas","status":"publish","type":"page","link":"https:\/\/tienda.estilooficina.com\/muebles-de-oficina\/mesa-de-comedor-empresas\/","title":{"rendered":"Mesa de Comedor Empresas"},"content":{"rendered":"<div class=\"wpb-content-wrapper\">[vc_row][vc_column]            <div class=\"noo-shortcode-product-wrap\">\n            <div class=\"noo-product-header\">\n                <h3><span>Mesa de Comedor Para Empresas<\/span><\/h3>\n\n                <p><\/p>\n            <\/div>\n                        <div class=\"noo-sh-product-grid woocommerce \">\n            <div class=\"spinner\">\n                <div class=\"bounce1\"><\/div>\n                <div class=\"bounce2\"><\/div>\n                <div class=\"bounce3\"><\/div>\n            <\/div>\n            <div class=\"xxx noo-sh-product-html columns_3 no_masonry two row is-flex\">\n            <div class=\"noo-product-item noo-product-sm-4 not_featured post-6150 product type-product status-publish has-post-thumbnail product_cat-comedor product_cat-mesa has-featured first instock taxable shipping-taxable purchasable product-type-variable\">\n    <div class=\"noo-product-inner noo-product-inner2\">\n        \t        <div class=\"noo-product-thumbnail\">\r\n\t            <a href=\"https:\/\/tienda.estilooficina.com\/muebles-de-oficina\/producto\/mesa-comedor-empresas\/\" class=\"noo-thumbnail-product hover-device\">\r\n\t\t\t\t\t\t                <img decoding=\"async\" width=\"650\" height=\"650\" src=\"https:\/\/tienda.estilooficina.com\/wp-content\/uploads\/2021\/07\/mesa_comedor_03-650x650.jpg\" class=\"attachment-noo-thumbnail-product size-noo-thumbnail-product wp-post-image\" alt=\"Mesa de comedor empresas\" srcset=\"https:\/\/tienda.estilooficina.com\/wp-content\/uploads\/2021\/07\/mesa_comedor_03-650x650.jpg 650w, https:\/\/tienda.estilooficina.com\/wp-content\/uploads\/2021\/07\/mesa_comedor_03-300x300.jpg 300w, https:\/\/tienda.estilooficina.com\/wp-content\/uploads\/2021\/07\/mesa_comedor_03-100x100.jpg 100w, https:\/\/tienda.estilooficina.com\/wp-content\/uploads\/2021\/07\/mesa_comedor_03-150x150.jpg 150w, https:\/\/tienda.estilooficina.com\/wp-content\/uploads\/2021\/07\/mesa_comedor_03-768x768.jpg 768w, https:\/\/tienda.estilooficina.com\/wp-content\/uploads\/2021\/07\/mesa_comedor_03-600x600.jpg 600w, https:\/\/tienda.estilooficina.com\/wp-content\/uploads\/2021\/07\/mesa_comedor_03.jpg 800w\" sizes=\"(max-width: 650px) 100vw, 650px\" \/><img decoding=\"async\" width=\"650\" height=\"650\" src=\"https:\/\/tienda.estilooficina.com\/wp-content\/uploads\/2021\/07\/mesa_comedor_04-650x650.jpg\" class=\"second-img\" alt=\"\" srcset=\"https:\/\/tienda.estilooficina.com\/wp-content\/uploads\/2021\/07\/mesa_comedor_04-650x650.jpg 650w, https:\/\/tienda.estilooficina.com\/wp-content\/uploads\/2021\/07\/mesa_comedor_04-300x300.jpg 300w, https:\/\/tienda.estilooficina.com\/wp-content\/uploads\/2021\/07\/mesa_comedor_04-100x100.jpg 100w, https:\/\/tienda.estilooficina.com\/wp-content\/uploads\/2021\/07\/mesa_comedor_04-150x150.jpg 150w, https:\/\/tienda.estilooficina.com\/wp-content\/uploads\/2021\/07\/mesa_comedor_04-768x768.jpg 768w, https:\/\/tienda.estilooficina.com\/wp-content\/uploads\/2021\/07\/mesa_comedor_04-600x600.jpg 600w, https:\/\/tienda.estilooficina.com\/wp-content\/uploads\/2021\/07\/mesa_comedor_04.jpg 800w\" sizes=\"(max-width: 650px) 100vw, 650px\" \/>\t\t\t\t\t            <\/a>\r\n\t            \t        <div class=\"noo-product-meta\">\r\n\t            \t            <span data-id=\"6150\" class=\"noo-quick-view icon_zoom-in_alt\"><\/span>\r\n\t        <\/div>\r\n\t        \t        <\/div>\r\n\t    <h3><a href=\"https:\/\/tienda.estilooficina.com\/muebles-de-oficina\/producto\/mesa-comedor-empresas\/\">Mesa Comedor Empresas<\/a><\/h3><div class=\"shop-loo-after-item\">\n\t<span class=\"price\">Desde: <span class=\"woocommerce-Price-amount amount\"><bdi><span class=\"woocommerce-Price-currencySymbol\">S\/<\/span>1,100.00<\/bdi><\/span> <small class=\"woocommerce-price-suffix\">Incluye IGV<\/small><\/span>\n<div class=\"star-rating\" title=\"Rated 0 out of 5\"><span style=\"width:0%\"><strong class=\"rating\">0<\/strong> out of 5<\/span><\/div><\/div><div class=\"noo-loop-cart\"><style><\/style><\/div>    <\/div><!--end .noo-product-inner-->\n<\/div>\n<div class=\"noo-product-item noo-product-sm-4 not_featured post-6315 product type-product status-publish has-post-thumbnail product_cat-comedor product_cat-mesa has-featured  instock taxable shipping-taxable purchasable product-type-simple\">\n    <div class=\"noo-product-inner noo-product-inner2\">\n        \t        <div class=\"noo-product-thumbnail\">\r\n\t            <a href=\"https:\/\/tienda.estilooficina.com\/muebles-de-oficina\/producto\/mesa-de-comedor-cuadrada\/\" class=\"noo-thumbnail-product hover-device\">\r\n\t\t\t\t\t\t                <img decoding=\"async\" width=\"650\" height=\"650\" src=\"https:\/\/tienda.estilooficina.com\/wp-content\/uploads\/2021\/07\/MC-06P-650x650-1-650x650.jpg\" class=\"attachment-noo-thumbnail-product size-noo-thumbnail-product wp-post-image\" alt=\"\" srcset=\"https:\/\/tienda.estilooficina.com\/wp-content\/uploads\/2021\/07\/MC-06P-650x650-1.jpg 650w, https:\/\/tienda.estilooficina.com\/wp-content\/uploads\/2021\/07\/MC-06P-650x650-1-300x300.jpg 300w, https:\/\/tienda.estilooficina.com\/wp-content\/uploads\/2021\/07\/MC-06P-650x650-1-100x100.jpg 100w, https:\/\/tienda.estilooficina.com\/wp-content\/uploads\/2021\/07\/MC-06P-650x650-1-150x150.jpg 150w, https:\/\/tienda.estilooficina.com\/wp-content\/uploads\/2021\/07\/MC-06P-650x650-1-600x600.jpg 600w\" sizes=\"(max-width: 650px) 100vw, 650px\" \/><img decoding=\"async\" width=\"650\" height=\"650\" src=\"https:\/\/tienda.estilooficina.com\/wp-content\/uploads\/2021\/07\/MESA-CUDRADA_3-650x650.jpg\" class=\"second-img\" alt=\"\" srcset=\"https:\/\/tienda.estilooficina.com\/wp-content\/uploads\/2021\/07\/MESA-CUDRADA_3-650x650.jpg 650w, https:\/\/tienda.estilooficina.com\/wp-content\/uploads\/2021\/07\/MESA-CUDRADA_3-300x300.jpg 300w, https:\/\/tienda.estilooficina.com\/wp-content\/uploads\/2021\/07\/MESA-CUDRADA_3-100x100.jpg 100w, https:\/\/tienda.estilooficina.com\/wp-content\/uploads\/2021\/07\/MESA-CUDRADA_3-150x150.jpg 150w, https:\/\/tienda.estilooficina.com\/wp-content\/uploads\/2021\/07\/MESA-CUDRADA_3-768x768.jpg 768w, https:\/\/tienda.estilooficina.com\/wp-content\/uploads\/2021\/07\/MESA-CUDRADA_3-600x600.jpg 600w, https:\/\/tienda.estilooficina.com\/wp-content\/uploads\/2021\/07\/MESA-CUDRADA_3.jpg 800w\" sizes=\"(max-width: 650px) 100vw, 650px\" \/>\t\t\t\t\t            <\/a>\r\n\t            \t        <div class=\"noo-product-meta\">\r\n\t            \t            <span data-id=\"6315\" class=\"noo-quick-view icon_zoom-in_alt\"><\/span>\r\n\t        <\/div>\r\n\t        \t        <\/div>\r\n\t    <h3><a href=\"https:\/\/tienda.estilooficina.com\/muebles-de-oficina\/producto\/mesa-de-comedor-cuadrada\/\">Mesa de Comedor Cuadrada<\/a><\/h3><div class=\"shop-loo-after-item\">\n\t<span class=\"price\"><span class=\"woocommerce-Price-amount amount\"><bdi><span class=\"woocommerce-Price-currencySymbol\">S\/<\/span>650.00<\/bdi><\/span> <small class=\"woocommerce-price-suffix\">Incluye IGV<\/small><\/span>\n<div class=\"star-rating\" title=\"Rated 0 out of 5\"><span style=\"width:0%\"><strong class=\"rating\">0<\/strong> out of 5<\/span><\/div><\/div><div class=\"noo-loop-cart\"><style><\/style><\/div>    <\/div><!--end .noo-product-inner-->\n<\/div>\n                    <\/div><!--end .noo-sh-product-html-->\n                <\/div><!--end .noo-sh-product-grid-->\n            <\/div><!--end .noo-shortcode-product-wrap-->\n                        [vc_empty_space height=&#8221;30px&#8221;]            <div class=\"noo-shortcode-product-wrap\">\n            <div class=\"noo-product-header\">\n                <h3><span>Mesa de Comedor Altas<\/span><\/h3>\n\n                <p><\/p>\n            <\/div>\n                        <div class=\"noo-sh-product-grid woocommerce \">\n            <div class=\"spinner\">\n                <div class=\"bounce1\"><\/div>\n                <div class=\"bounce2\"><\/div>\n                <div class=\"bounce3\"><\/div>\n            <\/div>\n            <div class=\"xxx noo-sh-product-html columns_3 no_masonry two row is-flex\">\n                                <\/div><!--end .noo-sh-product-html-->\n                <\/div><!--end .noo-sh-product-grid-->\n            <\/div><!--end .noo-shortcode-product-wrap-->\n                        [\/vc_column][\/vc_row][vc_row container_width=&#8221;yes&#8221;][vc_column][vc_empty_space height=&#8221;30px&#8221;][vc_separator color=&#8221;black&#8221; style=&#8221;shadow&#8221; border_width=&#8221;3&#8243; el_width=&#8221;60&#8243;][vc_column_text]\n<h2 class=\"lp_title\" style=\"text-align: center;\">Estamos aqu\u00ed para ti<\/h2>\n<p class=\"lp_description\" style=\"text-align: center;\">\u00bfTienes dudas o necesitas ayuda? Nuestro\u00a0<strong>Servicio de Atenci\u00f3n al Cliente para Empresas<\/strong>\u00a0est\u00e1 a tu disposici\u00f3n por chat, tel\u00e9fono o correo electr\u00f3nico. Recibir\u00e1s\u00a0<strong>asistencia<\/strong> para tus presupuestos, proyectos personalizados y para todas las necesidades.<\/p>\n<h2 style=\"text-align: center;\"><a href=\"https:\/\/wa.me\/+51938702068\" target=\"_blank\" rel=\"noopener\"><span style=\"color: #000000;\"><img decoding=\"async\" class=\"wp-image-27017 aligncenter\" src=\"https:\/\/estilooficina.com\/wp-content\/uploads\/2025\/01\/png-transparent-computer-icons-whatsapp-whatsapp-text-logo-silhouette.png\" alt=\"\" width=\"88\" height=\"88\" \/>+51938702068<\/span><\/a><\/h2>\n[\/vc_column_text][\/vc_column][\/vc_row]\n<\/div>","protected":false},"excerpt":{"rendered":"<p>[vc_row][vc_column][vc_empty_space height=&#8221;30px&#8221;][\/vc_column][\/vc_row][vc_row container_width=&#8221;yes&#8221;][vc_column][vc_empty_space height=&#8221;30px&#8221;][vc_separator color=&#8221;black&#8221; style=&#8221;shadow&#8221; border_width=&#8221;3&#8243; el_width=&#8221;60&#8243;][vc_column_text] Estamos aqu\u00ed para ti \u00bfTienes dudas o necesitas ayuda? Nuestro\u00a0Servicio de Atenci\u00f3n al Cliente para Empresas\u00a0est\u00e1 a tu disposici\u00f3n por chat, tel\u00e9fono o correo electr\u00f3nico. Recibir\u00e1s\u00a0asistencia para tus presupuestos, proyectos personalizados y para todas las necesidades. +51938702068 [\/vc_column_text][\/vc_column][\/vc_row]<\/p>\n","protected":false},"author":2,"featured_media":0,"parent":0,"menu_order":0,"comment_status":"closed","ping_status":"closed","template":"","meta":{"footnotes":""},"class_list":["post-6149","page","type-page","status-publish","hentry","has-featured"],"yoast_head":"<!-- This site is optimized with the Yoast SEO plugin v27.6 - https:\/\/yoast.com\/product\/yoast-seo-wordpress\/ -->\n<title>Mesa de Comedor Empresas &#8211; Tienda Estilo Oficina<\/title>\n<meta name=\"description\" content=\"Mesa de Comedor Empresas \u2714\ufe0f Modelos Colores a la Medidas, &#8211; \u2714 Muebles de Oficina Moderno &#8211; Lima Per\u00fa &#8211; Melamina y Metal &#8211; 2026 &#8211; visita t\u00e9cnica gratuita\" \/>\n<meta name=\"robots\" content=\"index, follow, max-snippet:-1, max-image-preview:large, max-video-preview:-1\" \/>\n<link rel=\"canonical\" href=\"https:\/\/tienda.estilooficina.com\/muebles-de-oficina\/mesa-de-comedor-empresas\/\" \/>\n<meta property=\"og:locale\" content=\"es_ES\" \/>\n<meta property=\"og:type\" content=\"article\" \/>\n<meta property=\"og:title\" content=\"Mesa de Comedor Empresas &#8211; Tienda Estilo Oficina\" \/>\n<meta property=\"og:description\" content=\"Mesa de Comedor Empresas \u2714\ufe0f Modelos Colores a la Medidas, &#8211; \u2714 Muebles de Oficina Moderno &#8211; Lima Per\u00fa &#8211; Melamina y Metal &#8211; 2026 &#8211; visita t\u00e9cnica gratuita\" \/>\n<meta property=\"og:url\" content=\"https:\/\/tienda.estilooficina.com\/muebles-de-oficina\/mesa-de-comedor-empresas\/\" \/>\n<meta property=\"og:site_name\" content=\"Tienda Estilo Oficina\" \/>\n<meta property=\"article:publisher\" content=\"https:\/\/www.facebook.com\/eomobiliario\/\" \/>\n<meta property=\"article:modified_time\" content=\"2025-07-24T22:31:06+00:00\" \/>\n<meta property=\"og:image\" content=\"https:\/\/estilooficina.com\/wp-content\/uploads\/2025\/01\/png-transparent-computer-icons-whatsapp-whatsapp-text-logo-silhouette.png\" \/>\n<meta name=\"twitter:card\" content=\"summary_large_image\" \/>\n<meta name=\"twitter:label1\" content=\"Tiempo de lectura\" \/>\n\t<meta name=\"twitter:data1\" content=\"1 minuto\" \/>\n<script type=\"application\/ld+json\" class=\"yoast-schema-graph\">{\"@context\":\"https:\\\/\\\/schema.org\",\"@graph\":[{\"@type\":\"WebPage\",\"@id\":\"https:\\\/\\\/tienda.estilooficina.com\\\/muebles-de-oficina\\\/mesa-de-comedor-empresas\\\/\",\"url\":\"https:\\\/\\\/tienda.estilooficina.com\\\/muebles-de-oficina\\\/mesa-de-comedor-empresas\\\/\",\"name\":\"Mesa de Comedor Empresas &#8211; Tienda Estilo Oficina\",\"isPartOf\":{\"@id\":\"https:\\\/\\\/tienda.estilooficina.com\\\/muebles-de-oficina\\\/#website\"},\"primaryImageOfPage\":{\"@id\":\"https:\\\/\\\/tienda.estilooficina.com\\\/muebles-de-oficina\\\/mesa-de-comedor-empresas\\\/#primaryimage\"},\"image\":{\"@id\":\"https:\\\/\\\/tienda.estilooficina.com\\\/muebles-de-oficina\\\/mesa-de-comedor-empresas\\\/#primaryimage\"},\"thumbnailUrl\":\"https:\\\/\\\/estilooficina.com\\\/wp-content\\\/uploads\\\/2025\\\/01\\\/png-transparent-computer-icons-whatsapp-whatsapp-text-logo-silhouette.png\",\"datePublished\":\"2021-07-15T19:44:19+00:00\",\"dateModified\":\"2025-07-24T22:31:06+00:00\",\"description\":\"Mesa de Comedor Empresas \u2714\ufe0f Modelos Colores a la Medidas, &#8211; \u2714 Muebles de Oficina Moderno &#8211; Lima Per\u00fa &#8211; Melamina y Metal &#8211; 2026 &#8211; visita t\u00e9cnica gratuita\",\"breadcrumb\":{\"@id\":\"https:\\\/\\\/tienda.estilooficina.com\\\/muebles-de-oficina\\\/mesa-de-comedor-empresas\\\/#breadcrumb\"},\"inLanguage\":\"es\",\"potentialAction\":[{\"@type\":\"ReadAction\",\"target\":[\"https:\\\/\\\/tienda.estilooficina.com\\\/muebles-de-oficina\\\/mesa-de-comedor-empresas\\\/\"]}]},{\"@type\":\"ImageObject\",\"inLanguage\":\"es\",\"@id\":\"https:\\\/\\\/tienda.estilooficina.com\\\/muebles-de-oficina\\\/mesa-de-comedor-empresas\\\/#primaryimage\",\"url\":\"https:\\\/\\\/estilooficina.com\\\/wp-content\\\/uploads\\\/2025\\\/01\\\/png-transparent-computer-icons-whatsapp-whatsapp-text-logo-silhouette.png\",\"contentUrl\":\"https:\\\/\\\/estilooficina.com\\\/wp-content\\\/uploads\\\/2025\\\/01\\\/png-transparent-computer-icons-whatsapp-whatsapp-text-logo-silhouette.png\"},{\"@type\":\"BreadcrumbList\",\"@id\":\"https:\\\/\\\/tienda.estilooficina.com\\\/muebles-de-oficina\\\/mesa-de-comedor-empresas\\\/#breadcrumb\",\"itemListElement\":[{\"@type\":\"ListItem\",\"position\":1,\"name\":\"Portada\",\"item\":\"https:\\\/\\\/tienda.estilooficina.com\\\/muebles-de-oficina\\\/\"},{\"@type\":\"ListItem\",\"position\":2,\"name\":\"Mesa de Comedor Empresas\"}]},{\"@type\":\"WebSite\",\"@id\":\"https:\\\/\\\/tienda.estilooficina.com\\\/muebles-de-oficina\\\/#website\",\"url\":\"https:\\\/\\\/tienda.estilooficina.com\\\/muebles-de-oficina\\\/\",\"name\":\"Estilo Oficina\",\"description\":\"Muebles de Oficina a medida\",\"publisher\":{\"@id\":\"https:\\\/\\\/tienda.estilooficina.com\\\/muebles-de-oficina\\\/#organization\"},\"alternateName\":\"muebles de oficina\",\"potentialAction\":[{\"@type\":\"SearchAction\",\"target\":{\"@type\":\"EntryPoint\",\"urlTemplate\":\"https:\\\/\\\/tienda.estilooficina.com\\\/muebles-de-oficina\\\/?s={search_term_string}\"},\"query-input\":{\"@type\":\"PropertyValueSpecification\",\"valueRequired\":true,\"valueName\":\"search_term_string\"}}],\"inLanguage\":\"es\"},{\"@type\":\"Organization\",\"@id\":\"https:\\\/\\\/tienda.estilooficina.com\\\/muebles-de-oficina\\\/#organization\",\"name\":\"Estilo Oficina Peru SAC\",\"alternateName\":\"Muebles de Oficina\",\"url\":\"https:\\\/\\\/tienda.estilooficina.com\\\/muebles-de-oficina\\\/\",\"logo\":{\"@type\":\"ImageObject\",\"inLanguage\":\"es\",\"@id\":\"https:\\\/\\\/tienda.estilooficina.com\\\/muebles-de-oficina\\\/#\\\/schema\\\/logo\\\/image\\\/\",\"url\":\"https:\\\/\\\/tienda.estilooficina.com\\\/wp-content\\\/uploads\\\/2024\\\/11\\\/cropped-Estilo-Oficina-ISOTIPO-N-copiasa-3.webp\",\"contentUrl\":\"https:\\\/\\\/tienda.estilooficina.com\\\/wp-content\\\/uploads\\\/2024\\\/11\\\/cropped-Estilo-Oficina-ISOTIPO-N-copiasa-3.webp\",\"width\":512,\"height\":512,\"caption\":\"Estilo Oficina Peru SAC\"},\"image\":{\"@id\":\"https:\\\/\\\/tienda.estilooficina.com\\\/muebles-de-oficina\\\/#\\\/schema\\\/logo\\\/image\\\/\"},\"sameAs\":[\"https:\\\/\\\/www.facebook.com\\\/eomobiliario\\\/\",\"https:\\\/\\\/www.instagram.com\\\/estilo_oficina\\\/\"]}]}<\/script>\n<!-- \/ Yoast SEO plugin. -->","yoast_head_json":{"title":"Mesa de Comedor Empresas &#8211; Tienda Estilo Oficina","description":"Mesa de Comedor Empresas \u2714\ufe0f Modelos Colores a la Medidas, &#8211; \u2714 Muebles de Oficina Moderno &#8211; Lima Per\u00fa &#8211; Melamina y Metal &#8211; 2026 &#8211; visita t\u00e9cnica gratuita","robots":{"index":"index","follow":"follow","max-snippet":"max-snippet:-1","max-image-preview":"max-image-preview:large","max-video-preview":"max-video-preview:-1"},"canonical":"https:\/\/tienda.estilooficina.com\/muebles-de-oficina\/mesa-de-comedor-empresas\/","og_locale":"es_ES","og_type":"article","og_title":"Mesa de Comedor Empresas &#8211; Tienda Estilo Oficina","og_description":"Mesa de Comedor Empresas \u2714\ufe0f Modelos Colores a la Medidas, &#8211; \u2714 Muebles de Oficina Moderno &#8211; Lima Per\u00fa &#8211; Melamina y Metal &#8211; 2026 &#8211; visita t\u00e9cnica gratuita","og_url":"https:\/\/tienda.estilooficina.com\/muebles-de-oficina\/mesa-de-comedor-empresas\/","og_site_name":"Tienda Estilo Oficina","article_publisher":"https:\/\/www.facebook.com\/eomobiliario\/","article_modified_time":"2025-07-24T22:31:06+00:00","og_image":[{"url":"https:\/\/estilooficina.com\/wp-content\/uploads\/2025\/01\/png-transparent-computer-icons-whatsapp-whatsapp-text-logo-silhouette.png","type":"","width":"","height":""}],"twitter_card":"summary_large_image","twitter_misc":{"Tiempo de lectura":"1 minuto"},"schema":{"@context":"https:\/\/schema.org","@graph":[{"@type":"WebPage","@id":"https:\/\/tienda.estilooficina.com\/muebles-de-oficina\/mesa-de-comedor-empresas\/","url":"https:\/\/tienda.estilooficina.com\/muebles-de-oficina\/mesa-de-comedor-empresas\/","name":"Mesa de Comedor Empresas &#8211; Tienda Estilo Oficina","isPartOf":{"@id":"https:\/\/tienda.estilooficina.com\/muebles-de-oficina\/#website"},"primaryImageOfPage":{"@id":"https:\/\/tienda.estilooficina.com\/muebles-de-oficina\/mesa-de-comedor-empresas\/#primaryimage"},"image":{"@id":"https:\/\/tienda.estilooficina.com\/muebles-de-oficina\/mesa-de-comedor-empresas\/#primaryimage"},"thumbnailUrl":"https:\/\/estilooficina.com\/wp-content\/uploads\/2025\/01\/png-transparent-computer-icons-whatsapp-whatsapp-text-logo-silhouette.png","datePublished":"2021-07-15T19:44:19+00:00","dateModified":"2025-07-24T22:31:06+00:00","description":"Mesa de Comedor Empresas \u2714\ufe0f Modelos Colores a la Medidas, &#8211; \u2714 Muebles de Oficina Moderno &#8211; Lima Per\u00fa &#8211; Melamina y Metal &#8211; 2026 &#8211; visita t\u00e9cnica gratuita","breadcrumb":{"@id":"https:\/\/tienda.estilooficina.com\/muebles-de-oficina\/mesa-de-comedor-empresas\/#breadcrumb"},"inLanguage":"es","potentialAction":[{"@type":"ReadAction","target":["https:\/\/tienda.estilooficina.com\/muebles-de-oficina\/mesa-de-comedor-empresas\/"]}]},{"@type":"ImageObject","inLanguage":"es","@id":"https:\/\/tienda.estilooficina.com\/muebles-de-oficina\/mesa-de-comedor-empresas\/#primaryimage","url":"https:\/\/estilooficina.com\/wp-content\/uploads\/2025\/01\/png-transparent-computer-icons-whatsapp-whatsapp-text-logo-silhouette.png","contentUrl":"https:\/\/estilooficina.com\/wp-content\/uploads\/2025\/01\/png-transparent-computer-icons-whatsapp-whatsapp-text-logo-silhouette.png"},{"@type":"BreadcrumbList","@id":"https:\/\/tienda.estilooficina.com\/muebles-de-oficina\/mesa-de-comedor-empresas\/#breadcrumb","itemListElement":[{"@type":"ListItem","position":1,"name":"Portada","item":"https:\/\/tienda.estilooficina.com\/muebles-de-oficina\/"},{"@type":"ListItem","position":2,"name":"Mesa de Comedor Empresas"}]},{"@type":"WebSite","@id":"https:\/\/tienda.estilooficina.com\/muebles-de-oficina\/#website","url":"https:\/\/tienda.estilooficina.com\/muebles-de-oficina\/","name":"Estilo Oficina","description":"Muebles de Oficina a medida","publisher":{"@id":"https:\/\/tienda.estilooficina.com\/muebles-de-oficina\/#organization"},"alternateName":"muebles de oficina","potentialAction":[{"@type":"SearchAction","target":{"@type":"EntryPoint","urlTemplate":"https:\/\/tienda.estilooficina.com\/muebles-de-oficina\/?s={search_term_string}"},"query-input":{"@type":"PropertyValueSpecification","valueRequired":true,"valueName":"search_term_string"}}],"inLanguage":"es"},{"@type":"Organization","@id":"https:\/\/tienda.estilooficina.com\/muebles-de-oficina\/#organization","name":"Estilo Oficina Peru SAC","alternateName":"Muebles de Oficina","url":"https:\/\/tienda.estilooficina.com\/muebles-de-oficina\/","logo":{"@type":"ImageObject","inLanguage":"es","@id":"https:\/\/tienda.estilooficina.com\/muebles-de-oficina\/#\/schema\/logo\/image\/","url":"https:\/\/tienda.estilooficina.com\/wp-content\/uploads\/2024\/11\/cropped-Estilo-Oficina-ISOTIPO-N-copiasa-3.webp","contentUrl":"https:\/\/tienda.estilooficina.com\/wp-content\/uploads\/2024\/11\/cropped-Estilo-Oficina-ISOTIPO-N-copiasa-3.webp","width":512,"height":512,"caption":"Estilo Oficina Peru SAC"},"image":{"@id":"https:\/\/tienda.estilooficina.com\/muebles-de-oficina\/#\/schema\/logo\/image\/"},"sameAs":["https:\/\/www.facebook.com\/eomobiliario\/","https:\/\/www.instagram.com\/estilo_oficina\/"]}]}},"_links":{"self":[{"href":"https:\/\/tienda.estilooficina.com\/muebles-de-oficina\/wp-json\/wp\/v2\/pages\/6149","targetHints":{"allow":["GET"]}}],"collection":[{"href":"https:\/\/tienda.estilooficina.com\/muebles-de-oficina\/wp-json\/wp\/v2\/pages"}],"about":[{"href":"https:\/\/tienda.estilooficina.com\/muebles-de-oficina\/wp-json\/wp\/v2\/types\/page"}],"author":[{"embeddable":true,"href":"https:\/\/tienda.estilooficina.com\/muebles-de-oficina\/wp-json\/wp\/v2\/users\/2"}],"replies":[{"embeddable":true,"href":"https:\/\/tienda.estilooficina.com\/muebles-de-oficina\/wp-json\/wp\/v2\/comments?post=6149"}],"version-history":[{"count":0,"href":"https:\/\/tienda.estilooficina.com\/muebles-de-oficina\/wp-json\/wp\/v2\/pages\/6149\/revisions"}],"wp:attachment":[{"href":"https:\/\/tienda.estilooficina.com\/muebles-de-oficina\/wp-json\/wp\/v2\/media?parent=6149"}],"curies":[{"name":"wp","href":"https:\/\/api.w.org\/{rel}","templated":true}]}}