{"id":1109,"date":"2020-05-15T12:25:39","date_gmt":"2020-05-15T17:25:39","guid":{"rendered":"https:\/\/tienda.estilooficina.com\/?page_id=1109"},"modified":"2020-05-28T12:37:23","modified_gmt":"2020-05-28T17:37:23","slug":"terminos-y-condiciones","status":"publish","type":"page","link":"https:\/\/tienda.estilooficina.com\/muebles-de-oficina\/terminos-y-condiciones\/","title":{"rendered":"T\u00e9rminos y condiciones"},"content":{"rendered":"<div class=\"wpb-content-wrapper\">[vc_row css=&#8221;.vc_custom_1589750184223{background-color: #ffffff !important;}&#8221;][vc_column width=&#8221;1\/12&#8243;][\/vc_column][vc_column width=&#8221;10\/12&#8243;][vc_empty_space][vc_row_inner][vc_column_inner width=&#8221;1\/6&#8243;][\/vc_column_inner][vc_column_inner width=&#8221;2\/3&#8243;][vc_column_text el_class=&#8221;.titulo&#8221;]\n<h2 class=\"titulo\" style=\"text-align: center;\">T\u00c9RMINOS Y CONDICIONES<\/h2>\n[\/vc_column_text][\/vc_column_inner][vc_column_inner width=&#8221;1\/6&#8243;][\/vc_column_inner][\/vc_row_inner][vc_empty_space][vc_column_text]\n<div class=\"condiciones\">\n<h2 style=\"text-align: center;\"><strong>POL\u00cdTICAS DE ENTREGA<\/strong><\/h2>\n<p><strong>DATOS DE TU ORDEN:<\/strong><\/p>\n<ul>\n<li>Recuerda revisar los antecedentes de tu compra: nombre, direcci\u00f3n y tel\u00e9fonos de contacto. Esta informaci\u00f3n es fundamental para una correcta y oportuna entrega de tus productos en tu domicilio y\/o lugar indicado.<\/li>\n<li>Es muy importante que antes de realizar la compra, verifiques las dimensiones del producto y las dimensiones f\u00edsicas del lugar donde lo instalar\u00e1s, evitando con esto, problemas al momento de la entrega.<\/li>\n<\/ul>\n<p><strong>POL\u00cdTICAS DE RECOJO DESDE ALMAC\u00c9N :<\/strong><\/p>\n<ul>\n<li>Normalmente, el producto comprado se podr\u00edan recoger en 4 d\u00edas \u00fatiles despu\u00e9s de su compra, seg\u00fan el tipo de producto y previa coordinaci\u00f3n con su ejecutivo de ventas.<\/li>\n<li>El Cliente debe firmar el acta de conformidad en el momento del recojo. No se aceptar\u00e1n reclamos por productos no revisados en ese momento.<\/li>\n<li>Una vez el cliente revise el producto, se proceder\u00e1 con el embalaje del mismo. El retiro de su compra es se\u00f1al de conformidad con el estado en el que el bien se encuentra.<\/li>\n<li>Si el Cliente desea que se le entregue la mercader\u00eda a domicilio, deber\u00e1 abonar a las cuentas de la empresa el monto del costo del servicio de despacho seg\u00fan la zona donde se encuentre la direcci\u00f3n de entrega. La entrega se realizar\u00e1 dentro de los 4 d\u00edas despu\u00e9s de realizado el pago.<\/li>\n<\/ul>\n<p><strong>POL\u00cdTICAS DE ENTREGA A DOMICILIO:<\/strong><\/p>\n<ul>\n<li>El servicio de despacho se realiza en d\u00edas laborables y en horario regular diurno. Las entregas en d\u00edas feriados y\/o en horarios nocturnos, est\u00e1n sujetas a presupuesto.<\/li>\n<li>Normalmente, el despacho del producto comprado se realiza dentro de los 4 &#8211; 7 d\u00edas \u00fatiles de realizada la compra, sin embargo nuestro ejecutivo de ventas lo llamara para realizar las coordinaciones.<\/li>\n<li>Debe considerar que no contamos con horarios de entrega espec\u00edfico. Sin embrago, la entrega ser\u00e1 coordinada con el cliente 24 horas antes del despacho.<\/li>\n<li>El Cliente deber\u00e1 verificar que el producto corresponda a lo que compro, y que se encuentra en perfectas condiciones antes de firmar la gu\u00eda de despacho y aceptarla.<\/li>\n<li>El personal de transporte no est\u00e1 autorizado ni capacitado para alterar los productos en el domicilio. El transporte no incluye personal de estiva. De ser necesario, este debe ser presupuestado.<\/li>\n<li>La recepci\u00f3n del producto debe realizarse por una persona mayor de edad, quien deber\u00e1 firmar y escribir su Nombre Completo en la gu\u00eda de despacho para acreditar la recepci\u00f3n.<\/li>\n<li>Posterior a la aceptaci\u00f3n del despacho y no existiendo observaci\u00f3n alguna en la gu\u00eda de despacho o conformidad de despacho, Estilo Oficina S.A.C., no se responsabiliza por da\u00f1os f\u00edsicos en el producto.<\/li>\n<li>En caso de disconformidad con el producto al momento de la entrega, rech\u00e1celo y registrelo, anotando en la gu\u00eda de despacho o documento de entrega el detalle identificado, as\u00ed como su Nombre Completo. Exige y conserva la copia de la gu\u00eda de despacho. En este caso el transportista se llevar\u00e1 el producto para realizar el respectivo cambio. Comun\u00edcate con nuestro ejecutivo de ventas, con la finalidad de respaldar esta informaci\u00f3n.<\/li>\n<li>El Cliente debe firmar el acta de conformidad al momento de la entrega, no se aceptar\u00e1n reclamos por productos no revisados en ese momento. Las devoluciones y cambios est\u00e1n permitidas dentro de los primeros 7 d\u00edas de realizada la compra.<\/li>\n<\/ul>\n<p><strong>CONDICIONES DE LA ENTREGA<\/strong><\/p>\n<ul>\n<li>Es el ejecutivo de ventas quien fija horas y rangos de entrega con el cliente.<\/li>\n<li>El ejecutivo de ventas coordinara la entrega de acuerdo con la ruta, para maximizar as\u00ed el uso de las unidades.<\/li>\n<li>Ser\u00e1 el Cliente quien se encargue de la gesti\u00f3n de accesos en locales donde sea necesario, deber\u00e1 tramitar y conseguir los permisos que permitan a Estilo Oficina S.A.C. llevar la mercader\u00eda, fijando y anunciando los rangos horarios para la recepci\u00f3n de la mercader\u00eda.<\/li>\n<li>Para casos donde el cliente desea hora espec\u00edfica de entrega existe el transporte express (costo adicional) que ser\u00e1 coordinado con el ejecutivo de ventas.<\/li>\n<li>El lugar f\u00edsico donde se realiza la entrega del despacho, debe asegurar las condiciones m\u00ednimas para el acceso del medio de transporte, esto es, disponibilidad de estacionamiento y horarios de acceso.<\/li>\n<li>Trat\u00e1ndose de despachos en pisos superiores, solo se entregar\u00e1n productos que cumplan con las siguientes condiciones: Deben asegurarse las condiciones f\u00edsicas m\u00ednimas, que permitan desplazar los productos con embalaje (Ejemplo: escalera adecuada para maniobrar seg\u00fan las dimensiones del producto, disponibilidad de ascensores para carga y\/o que dispongan de las dimensiones para el traslado del producto).<\/li>\n<li>El servicio de despacho no considera desarmar puertas o ventanas, ni la utilizaci\u00f3n de cuerdas u otros elementos para levantar o ingresar los productos a pisos superiores a lo especificado previamente.<\/li>\n<li>El servicio de Despacho a Domicilio no incluye personal de estiva. De ser necesario, este debe ser coordinado con el ejecutivo de ventas.<\/li>\n<li>Al momento de la entrega de su producto el Cliente debe firmar el acta de conformidad de despacho de la mercader\u00eda y GR. No se aceptar\u00e1n reclamos por productos no revisados en ese momento. La firma ser\u00e1 se\u00f1al de conformidad con el estado en el que el bien se encuentra.<\/li>\n<\/ul>\n<\/div>\n[\/vc_column_text][vc_column_text]\n<div class=\"condiciones\">\n<h2 style=\"text-align: center;\"><strong>POL\u00cdTICAS DE ENTREGA<\/strong><\/h2>\n<p><strong>DATOS DE TU ORDEN:<\/strong><\/p>\n<ul>\n<li>Recuerda revisar los antecedentes de tu compra: nombre, direcci\u00f3n y tel\u00e9fonos de contacto. Esta informaci\u00f3n es fundamental para una correcta y oportuna entrega de tus productos en tu domicilio y\/o lugar indicado.<\/li>\n<li>Es muy importante que antes de realizar la compra, verifiques las dimensiones del producto y las dimensiones f\u00edsicas del lugar donde lo instalar\u00e1s, evitando con esto, problemas al momento de la entrega.<\/li>\n<\/ul>\n<p><strong>POL\u00cdTICAS DE RECOJO DESDE ALMAC\u00c9N :<\/strong><\/p>\n<ul>\n<li>Normalmente, el producto comprado se podr\u00edan recoger en 4 d\u00edas \u00fatiles despu\u00e9s de su compra, seg\u00fan el tipo de producto y previa coordinaci\u00f3n con su ejecutivo de ventas.<\/li>\n<li>El Cliente debe firmar el acta de conformidad en el momento del recojo. No se aceptar\u00e1n reclamos por productos no revisados en ese momento.<\/li>\n<li>Una vez el cliente revise el producto, se proceder\u00e1 con el embalaje del mismo. El retiro de su compra es se\u00f1al de conformidad con el estado en el que el bien se encuentra.<\/li>\n<li>Si el Cliente desea que se le entregue la mercader\u00eda a domicilio, deber\u00e1 abonar a las cuentas de la empresa el monto del costo del servicio de despacho seg\u00fan la zona donde se encuentre la direcci\u00f3n de entrega. La entrega se realizar\u00e1 dentro de los 4 d\u00edas despu\u00e9s de realizado el pago.<\/li>\n<\/ul>\n<p><strong>POL\u00cdTICAS DE ENTREGA A DOMICILIO:<\/strong><\/p>\n<ul>\n<li>El servicio de despacho se realiza en d\u00edas laborables y en horario regular diurno. Las entregas en d\u00edas feriados y\/o en horarios nocturnos, est\u00e1n sujetas a presupuesto.<\/li>\n<li>Normalmente, el despacho del producto comprado se realiza dentro de los 4 &#8211; 7 d\u00edas \u00fatiles de realizada la compra, sin embargo nuestro ejecutivo de ventas lo llamara para realizar las coordinaciones.<\/li>\n<li>Debe considerar que no contamos con horarios de entrega espec\u00edfico. Sin embrago, la entrega ser\u00e1 coordinada con el cliente 24 horas antes del despacho.<\/li>\n<li>El Cliente deber\u00e1 verificar que el producto corresponda a lo que compro, y que se encuentra en perfectas condiciones antes de firmar la gu\u00eda de despacho y aceptarla.<\/li>\n<li>El personal de transporte no est\u00e1 autorizado ni capacitado para alterar los productos en el domicilio. El transporte no incluye personal de estiva. De ser necesario, este debe ser presupuestado.<\/li>\n<li>La recepci\u00f3n del producto debe realizarse por una persona mayor de edad, quien deber\u00e1 firmar y escribir su Nombre Completo en la gu\u00eda de despacho para acreditar la recepci\u00f3n.<\/li>\n<li>Posterior a la aceptaci\u00f3n del despacho y no existiendo observaci\u00f3n alguna en la gu\u00eda de despacho o conformidad de despacho, Estilo Oficina S.A.C., no se responsabiliza por da\u00f1os f\u00edsicos en el producto.<\/li>\n<li>En caso de disconformidad con el producto al momento de la entrega, rech\u00e1celo y registrelo, anotando en la gu\u00eda de despacho o documento de entrega el detalle identificado, as\u00ed como su Nombre Completo. Exige y conserva la copia de la gu\u00eda de despacho. En este caso el transportista se llevar\u00e1 el producto para realizar el respectivo cambio. Comun\u00edcate con nuestro ejecutivo de ventas, con la finalidad de respaldar esta informaci\u00f3n.<\/li>\n<li>El Cliente debe firmar el acta de conformidad al momento de la entrega, no se aceptar\u00e1n reclamos por productos no revisados en ese momento. Las devoluciones y cambios est\u00e1n permitidas dentro de los primeros 7 d\u00edas de realizada la compra.<\/li>\n<\/ul>\n<p><strong>CONDICIONES DE LA ENTREGA<\/strong><\/p>\n<ul>\n<li>Es el ejecutivo de ventas quien fija horas y rangos de entrega con el cliente.<\/li>\n<li>El ejecutivo de ventas coordinara la entrega de acuerdo con la ruta, para maximizar as\u00ed el uso de las unidades.<\/li>\n<li>Ser\u00e1 el Cliente quien se encargue de la gesti\u00f3n de accesos en locales donde sea necesario, deber\u00e1 tramitar y conseguir los permisos que permitan a Estilo Oficina S.A.C. llevar la mercader\u00eda, fijando y anunciando los rangos horarios para la recepci\u00f3n de la mercader\u00eda.<\/li>\n<li>Para casos donde el cliente desea hora espec\u00edfica de entrega existe el transporte express (costo adicional) que ser\u00e1 coordinado con el ejecutivo de ventas.<\/li>\n<li>El lugar f\u00edsico donde se realiza la entrega del despacho, debe asegurar las condiciones m\u00ednimas para el acceso del medio de transporte, esto es, disponibilidad de estacionamiento y horarios de acceso.<\/li>\n<li>Trat\u00e1ndose de despachos en pisos superiores, solo se entregar\u00e1n productos que cumplan con las siguientes condiciones: Deben asegurarse las condiciones f\u00edsicas m\u00ednimas, que permitan desplazar los productos con embalaje (Ejemplo: escalera adecuada para maniobrar seg\u00fan las dimensiones del producto, disponibilidad de ascensores para carga y\/o que dispongan de las dimensiones para el traslado del producto).<\/li>\n<li>El servicio de despacho no considera desarmar puertas o ventanas, ni la utilizaci\u00f3n de cuerdas u otros elementos para levantar o ingresar los productos a pisos superiores a lo especificado previamente.<\/li>\n<li>El servicio de Despacho a Domicilio no incluye personal de estiva. De ser necesario, este debe ser coordinado con el ejecutivo de ventas.<\/li>\n<li>Al momento de la entrega de su producto el Cliente debe firmar el acta de conformidad de despacho de la mercader\u00eda y GR. No se aceptar\u00e1n reclamos por productos no revisados en ese momento. La firma ser\u00e1 se\u00f1al de conformidad con el estado en el que el bien se encuentra.<\/li>\n<\/ul>\n<\/div>\n[\/vc_column_text][vc_empty_space][vc_column_text]<strong>Siempre estaremos atentos para atenderlo de la mejor manera.<\/strong><\/p>\n<p><strong>Estilo Oficina SAC.<\/strong>[\/vc_column_text][vc_empty_space][\/vc_column][vc_column width=&#8221;1\/12&#8243;][\/vc_column][\/vc_row]\n<\/div>","protected":false},"excerpt":{"rendered":"<p>[vc_row css=&#8221;.vc_custom_1589750184223{background-color: #ffffff !important;}&#8221;][vc_column width=&#8221;1\/12&#8243;][\/vc_column][vc_column width=&#8221;10\/12&#8243;][vc_empty_space][vc_row_inner][vc_column_inner width=&#8221;1\/6&#8243;][\/vc_column_inner][vc_column_inner width=&#8221;2\/3&#8243;][vc_column_text el_class=&#8221;.titulo&#8221;] T\u00c9RMINOS Y CONDICIONES [\/vc_column_text][\/vc_column_inner][vc_column_inner width=&#8221;1\/6&#8243;][\/vc_column_inner][\/vc_row_inner][vc_empty_space][vc_column_text] POL\u00cdTICAS DE ENTREGA DATOS DE TU ORDEN: Recuerda revisar los antecedentes de tu compra: nombre, direcci\u00f3n y tel\u00e9fonos de contacto. Esta informaci\u00f3n es fundamental para una correcta y oportuna entrega de tus productos en tu domicilio y\/o lugar indicado. Es muy importante que antes de realizar [&hellip;]<\/p>\n","protected":false},"author":2,"featured_media":0,"parent":0,"menu_order":0,"comment_status":"closed","ping_status":"closed","template":"","meta":{"footnotes":""},"class_list":["post-1109","page","type-page","status-publish","hentry","no-featured"],"yoast_head":"<!-- This site is optimized with the Yoast SEO plugin v27.6 - https:\/\/yoast.com\/product\/yoast-seo-wordpress\/ -->\n<title>T\u00e9rminos y condiciones &#8211; Tienda Estilo Oficina<\/title>\n<meta name=\"description\" content=\"T\u00e9rminos y condiciones \u2714\ufe0f Modelos Colores a la Medidas, &#8211; \u2714 Muebles de Oficina Moderno &#8211; Lima Per\u00fa &#8211; Melamina y Metal &#8211; 2026 &#8211; visita t\u00e9cnica gratuita\" \/>\n<meta name=\"robots\" content=\"index, follow, max-snippet:-1, max-image-preview:large, max-video-preview:-1\" \/>\n<link rel=\"canonical\" href=\"https:\/\/tienda.estilooficina.com\/muebles-de-oficina\/terminos-y-condiciones\/\" \/>\n<meta property=\"og:locale\" content=\"es_ES\" \/>\n<meta property=\"og:type\" content=\"article\" \/>\n<meta property=\"og:title\" content=\"T\u00e9rminos y condiciones &#8211; Tienda Estilo Oficina\" \/>\n<meta property=\"og:description\" content=\"T\u00e9rminos y condiciones \u2714\ufe0f Modelos Colores a la Medidas, &#8211; \u2714 Muebles de Oficina Moderno &#8211; Lima Per\u00fa &#8211; Melamina y Metal &#8211; 2026 &#8211; visita t\u00e9cnica gratuita\" \/>\n<meta property=\"og:url\" content=\"https:\/\/tienda.estilooficina.com\/muebles-de-oficina\/terminos-y-condiciones\/\" \/>\n<meta property=\"og:site_name\" content=\"Tienda Estilo Oficina\" \/>\n<meta property=\"article:publisher\" content=\"https:\/\/www.facebook.com\/eomobiliario\/\" \/>\n<meta property=\"article:modified_time\" content=\"2020-05-28T17:37:23+00:00\" \/>\n<meta property=\"og:image\" content=\"https:\/\/tienda.estilooficina.com\/wp-content\/uploads\/2025\/01\/estilo_oficina_peru.jpg\" \/>\n\t<meta property=\"og:image:width\" content=\"780\" \/>\n\t<meta property=\"og:image:height\" content=\"437\" \/>\n\t<meta property=\"og:image:type\" content=\"image\/jpeg\" \/>\n<meta name=\"twitter:card\" content=\"summary_large_image\" \/>\n<meta name=\"twitter:label1\" content=\"Tiempo de lectura\" \/>\n\t<meta name=\"twitter:data1\" content=\"9 minutos\" \/>\n<script type=\"application\/ld+json\" class=\"yoast-schema-graph\">{\"@context\":\"https:\\\/\\\/schema.org\",\"@graph\":[{\"@type\":\"WebPage\",\"@id\":\"https:\\\/\\\/tienda.estilooficina.com\\\/muebles-de-oficina\\\/terminos-y-condiciones\\\/\",\"url\":\"https:\\\/\\\/tienda.estilooficina.com\\\/muebles-de-oficina\\\/terminos-y-condiciones\\\/\",\"name\":\"T\u00e9rminos y condiciones &#8211; Tienda Estilo Oficina\",\"isPartOf\":{\"@id\":\"https:\\\/\\\/tienda.estilooficina.com\\\/muebles-de-oficina\\\/#website\"},\"datePublished\":\"2020-05-15T17:25:39+00:00\",\"dateModified\":\"2020-05-28T17:37:23+00:00\",\"description\":\"T\u00e9rminos y condiciones \u2714\ufe0f Modelos Colores a la Medidas, &#8211; \u2714 Muebles de Oficina Moderno &#8211; Lima Per\u00fa &#8211; Melamina y Metal &#8211; 2026 &#8211; visita t\u00e9cnica gratuita\",\"breadcrumb\":{\"@id\":\"https:\\\/\\\/tienda.estilooficina.com\\\/muebles-de-oficina\\\/terminos-y-condiciones\\\/#breadcrumb\"},\"inLanguage\":\"es\",\"potentialAction\":[{\"@type\":\"ReadAction\",\"target\":[\"https:\\\/\\\/tienda.estilooficina.com\\\/muebles-de-oficina\\\/terminos-y-condiciones\\\/\"]}]},{\"@type\":\"BreadcrumbList\",\"@id\":\"https:\\\/\\\/tienda.estilooficina.com\\\/muebles-de-oficina\\\/terminos-y-condiciones\\\/#breadcrumb\",\"itemListElement\":[{\"@type\":\"ListItem\",\"position\":1,\"name\":\"Portada\",\"item\":\"https:\\\/\\\/tienda.estilooficina.com\\\/muebles-de-oficina\\\/\"},{\"@type\":\"ListItem\",\"position\":2,\"name\":\"T\u00e9rminos y condiciones\"}]},{\"@type\":\"WebSite\",\"@id\":\"https:\\\/\\\/tienda.estilooficina.com\\\/muebles-de-oficina\\\/#website\",\"url\":\"https:\\\/\\\/tienda.estilooficina.com\\\/muebles-de-oficina\\\/\",\"name\":\"Estilo Oficina\",\"description\":\"Muebles de Oficina a medida\",\"publisher\":{\"@id\":\"https:\\\/\\\/tienda.estilooficina.com\\\/muebles-de-oficina\\\/#organization\"},\"alternateName\":\"muebles de oficina\",\"potentialAction\":[{\"@type\":\"SearchAction\",\"target\":{\"@type\":\"EntryPoint\",\"urlTemplate\":\"https:\\\/\\\/tienda.estilooficina.com\\\/muebles-de-oficina\\\/?s={search_term_string}\"},\"query-input\":{\"@type\":\"PropertyValueSpecification\",\"valueRequired\":true,\"valueName\":\"search_term_string\"}}],\"inLanguage\":\"es\"},{\"@type\":\"Organization\",\"@id\":\"https:\\\/\\\/tienda.estilooficina.com\\\/muebles-de-oficina\\\/#organization\",\"name\":\"Estilo Oficina Peru SAC\",\"alternateName\":\"Muebles de Oficina\",\"url\":\"https:\\\/\\\/tienda.estilooficina.com\\\/muebles-de-oficina\\\/\",\"logo\":{\"@type\":\"ImageObject\",\"inLanguage\":\"es\",\"@id\":\"https:\\\/\\\/tienda.estilooficina.com\\\/muebles-de-oficina\\\/#\\\/schema\\\/logo\\\/image\\\/\",\"url\":\"https:\\\/\\\/tienda.estilooficina.com\\\/wp-content\\\/uploads\\\/2024\\\/11\\\/cropped-Estilo-Oficina-ISOTIPO-N-copiasa-3.webp\",\"contentUrl\":\"https:\\\/\\\/tienda.estilooficina.com\\\/wp-content\\\/uploads\\\/2024\\\/11\\\/cropped-Estilo-Oficina-ISOTIPO-N-copiasa-3.webp\",\"width\":512,\"height\":512,\"caption\":\"Estilo Oficina Peru SAC\"},\"image\":{\"@id\":\"https:\\\/\\\/tienda.estilooficina.com\\\/muebles-de-oficina\\\/#\\\/schema\\\/logo\\\/image\\\/\"},\"sameAs\":[\"https:\\\/\\\/www.facebook.com\\\/eomobiliario\\\/\",\"https:\\\/\\\/www.instagram.com\\\/estilo_oficina\\\/\"]}]}<\/script>\n<!-- \/ Yoast SEO plugin. -->","yoast_head_json":{"title":"T\u00e9rminos y condiciones &#8211; Tienda Estilo Oficina","description":"T\u00e9rminos y condiciones \u2714\ufe0f Modelos Colores a la Medidas, &#8211; \u2714 Muebles de Oficina Moderno &#8211; Lima Per\u00fa &#8211; Melamina y Metal &#8211; 2026 &#8211; visita t\u00e9cnica gratuita","robots":{"index":"index","follow":"follow","max-snippet":"max-snippet:-1","max-image-preview":"max-image-preview:large","max-video-preview":"max-video-preview:-1"},"canonical":"https:\/\/tienda.estilooficina.com\/muebles-de-oficina\/terminos-y-condiciones\/","og_locale":"es_ES","og_type":"article","og_title":"T\u00e9rminos y condiciones &#8211; Tienda Estilo Oficina","og_description":"T\u00e9rminos y condiciones \u2714\ufe0f Modelos Colores a la Medidas, &#8211; \u2714 Muebles de Oficina Moderno &#8211; Lima Per\u00fa &#8211; Melamina y Metal &#8211; 2026 &#8211; visita t\u00e9cnica gratuita","og_url":"https:\/\/tienda.estilooficina.com\/muebles-de-oficina\/terminos-y-condiciones\/","og_site_name":"Tienda Estilo Oficina","article_publisher":"https:\/\/www.facebook.com\/eomobiliario\/","article_modified_time":"2020-05-28T17:37:23+00:00","og_image":[{"width":780,"height":437,"url":"https:\/\/tienda.estilooficina.com\/wp-content\/uploads\/2025\/01\/estilo_oficina_peru.jpg","type":"image\/jpeg"}],"twitter_card":"summary_large_image","twitter_misc":{"Tiempo de lectura":"9 minutos"},"schema":{"@context":"https:\/\/schema.org","@graph":[{"@type":"WebPage","@id":"https:\/\/tienda.estilooficina.com\/muebles-de-oficina\/terminos-y-condiciones\/","url":"https:\/\/tienda.estilooficina.com\/muebles-de-oficina\/terminos-y-condiciones\/","name":"T\u00e9rminos y condiciones &#8211; Tienda Estilo Oficina","isPartOf":{"@id":"https:\/\/tienda.estilooficina.com\/muebles-de-oficina\/#website"},"datePublished":"2020-05-15T17:25:39+00:00","dateModified":"2020-05-28T17:37:23+00:00","description":"T\u00e9rminos y condiciones \u2714\ufe0f Modelos Colores a la Medidas, &#8211; \u2714 Muebles de Oficina Moderno &#8211; Lima Per\u00fa &#8211; Melamina y Metal &#8211; 2026 &#8211; visita t\u00e9cnica gratuita","breadcrumb":{"@id":"https:\/\/tienda.estilooficina.com\/muebles-de-oficina\/terminos-y-condiciones\/#breadcrumb"},"inLanguage":"es","potentialAction":[{"@type":"ReadAction","target":["https:\/\/tienda.estilooficina.com\/muebles-de-oficina\/terminos-y-condiciones\/"]}]},{"@type":"BreadcrumbList","@id":"https:\/\/tienda.estilooficina.com\/muebles-de-oficina\/terminos-y-condiciones\/#breadcrumb","itemListElement":[{"@type":"ListItem","position":1,"name":"Portada","item":"https:\/\/tienda.estilooficina.com\/muebles-de-oficina\/"},{"@type":"ListItem","position":2,"name":"T\u00e9rminos y condiciones"}]},{"@type":"WebSite","@id":"https:\/\/tienda.estilooficina.com\/muebles-de-oficina\/#website","url":"https:\/\/tienda.estilooficina.com\/muebles-de-oficina\/","name":"Estilo Oficina","description":"Muebles de Oficina a medida","publisher":{"@id":"https:\/\/tienda.estilooficina.com\/muebles-de-oficina\/#organization"},"alternateName":"muebles de oficina","potentialAction":[{"@type":"SearchAction","target":{"@type":"EntryPoint","urlTemplate":"https:\/\/tienda.estilooficina.com\/muebles-de-oficina\/?s={search_term_string}"},"query-input":{"@type":"PropertyValueSpecification","valueRequired":true,"valueName":"search_term_string"}}],"inLanguage":"es"},{"@type":"Organization","@id":"https:\/\/tienda.estilooficina.com\/muebles-de-oficina\/#organization","name":"Estilo Oficina Peru SAC","alternateName":"Muebles de Oficina","url":"https:\/\/tienda.estilooficina.com\/muebles-de-oficina\/","logo":{"@type":"ImageObject","inLanguage":"es","@id":"https:\/\/tienda.estilooficina.com\/muebles-de-oficina\/#\/schema\/logo\/image\/","url":"https:\/\/tienda.estilooficina.com\/wp-content\/uploads\/2024\/11\/cropped-Estilo-Oficina-ISOTIPO-N-copiasa-3.webp","contentUrl":"https:\/\/tienda.estilooficina.com\/wp-content\/uploads\/2024\/11\/cropped-Estilo-Oficina-ISOTIPO-N-copiasa-3.webp","width":512,"height":512,"caption":"Estilo Oficina Peru SAC"},"image":{"@id":"https:\/\/tienda.estilooficina.com\/muebles-de-oficina\/#\/schema\/logo\/image\/"},"sameAs":["https:\/\/www.facebook.com\/eomobiliario\/","https:\/\/www.instagram.com\/estilo_oficina\/"]}]}},"_links":{"self":[{"href":"https:\/\/tienda.estilooficina.com\/muebles-de-oficina\/wp-json\/wp\/v2\/pages\/1109","targetHints":{"allow":["GET"]}}],"collection":[{"href":"https:\/\/tienda.estilooficina.com\/muebles-de-oficina\/wp-json\/wp\/v2\/pages"}],"about":[{"href":"https:\/\/tienda.estilooficina.com\/muebles-de-oficina\/wp-json\/wp\/v2\/types\/page"}],"author":[{"embeddable":true,"href":"https:\/\/tienda.estilooficina.com\/muebles-de-oficina\/wp-json\/wp\/v2\/users\/2"}],"replies":[{"embeddable":true,"href":"https:\/\/tienda.estilooficina.com\/muebles-de-oficina\/wp-json\/wp\/v2\/comments?post=1109"}],"version-history":[{"count":0,"href":"https:\/\/tienda.estilooficina.com\/muebles-de-oficina\/wp-json\/wp\/v2\/pages\/1109\/revisions"}],"wp:attachment":[{"href":"https:\/\/tienda.estilooficina.com\/muebles-de-oficina\/wp-json\/wp\/v2\/media?parent=1109"}],"curies":[{"name":"wp","href":"https:\/\/api.w.org\/{rel}","templated":true}]}}